{"id":21276,"date":"2026-04-11T07:28:51","date_gmt":"2026-04-11T05:28:51","guid":{"rendered":"https:\/\/www.calesitatango.si\/?post_type=product&#038;p=21276"},"modified":"2026-04-11T15:34:53","modified_gmt":"2026-04-11T13:34:53","slug":"madame-pivot-virginia-gold-glitter","status":"publish","type":"product","link":"https:\/\/www.calesitatango.si\/en\/product\/madame-pivot-virginia-gold-glitter\/","title":{"rendered":"Madame Pivot VIRGINIA Gold glitter, \u0161t. 36"},"content":{"rendered":"<p>Na zalogi v velikosti: 36<\/p>\n<p>Vi\u0161ina pete: 8 cm<\/p>\n<p>Kvalitetna izdelava v Italiji.<\/p>","protected":false},"excerpt":{"rendered":"<p>Na zalogi v velikosti: 36<\/p>\n<p>Vi\u0161ina pete: 8 cm<\/p>\n<p>Kvalitetna izdelava v Italiji.<\/p>\n<p>Zgornji del z dvojnim trakom, odprto peto in tanko zanko zadaj, s pa\u0161\u010dkom za gle\u017eenj. Material: Zlate ble\u0161\u010dice. Pokrita peta. Podloga in vlo\u017eek iz nevtralnega gladkega usnja. Udoben podplat z dodatnim oblazinjenjem pod sprednjim delom stopala. Podplat iz gladkega usnja z za\u0161\u010ditno folijo, ki jo je treba odstraniti pred uporabo, ali iz semi\u0161a.<\/p>","protected":false},"featured_media":21279,"comment_status":"open","ping_status":"closed","template":"","meta":{"_monsterinsights_skip_tracking":false,"_monsterinsights_sitenote_active":false,"_monsterinsights_sitenote_note":"","_monsterinsights_sitenote_category":0},"product_brand":[128],"product_cat":[80],"product_tag":[145,133],"class_list":{"0":"post-21276","1":"product","2":"type-product","3":"status-publish","4":"has-post-thumbnail","6":"product_brand-madame-pivot","7":"product_cat-tango-plesni-cevlji","8":"product_tag-peta-8-cm","9":"product_tag-velikost-st-36","11":"first","12":"instock","13":"shipping-taxable","14":"purchasable","15":"product-type-simple"},"jetpack_sharing_enabled":true,"_links":{"self":[{"href":"https:\/\/www.calesitatango.si\/en\/wp-json\/wp\/v2\/product\/21276","targetHints":{"allow":["GET"]}}],"collection":[{"href":"https:\/\/www.calesitatango.si\/en\/wp-json\/wp\/v2\/product"}],"about":[{"href":"https:\/\/www.calesitatango.si\/en\/wp-json\/wp\/v2\/types\/product"}],"replies":[{"embeddable":true,"href":"https:\/\/www.calesitatango.si\/en\/wp-json\/wp\/v2\/comments?post=21276"}],"wp:featuredmedia":[{"embeddable":true,"href":"https:\/\/www.calesitatango.si\/en\/wp-json\/wp\/v2\/media\/21279"}],"wp:attachment":[{"href":"https:\/\/www.calesitatango.si\/en\/wp-json\/wp\/v2\/media?parent=21276"}],"wp:term":[{"taxonomy":"product_brand","embeddable":true,"href":"https:\/\/www.calesitatango.si\/en\/wp-json\/wp\/v2\/product_brand?post=21276"},{"taxonomy":"product_cat","embeddable":true,"href":"https:\/\/www.calesitatango.si\/en\/wp-json\/wp\/v2\/product_cat?post=21276"},{"taxonomy":"product_tag","embeddable":true,"href":"https:\/\/www.calesitatango.si\/en\/wp-json\/wp\/v2\/product_tag?post=21276"}],"curies":[{"name":"wp","href":"https:\/\/api.w.org\/{rel}","templated":true}]}}