{"id":21272,"date":"2026-04-11T07:24:05","date_gmt":"2026-04-11T05:24:05","guid":{"rendered":"https:\/\/www.calesitatango.si\/?post_type=product&#038;p=21272"},"modified":"2026-04-11T15:35:04","modified_gmt":"2026-04-11T13:35:04","slug":"madame-pivot-nadine-vegan-pink","status":"publish","type":"product","link":"https:\/\/www.calesitatango.si\/en\/product\/madame-pivot-nadine-vegan-pink\/","title":{"rendered":"Madame Pivot NADINE vegan pink, \u0161t. 39"},"content":{"rendered":"<p>Na zalogi v velikosti: 39<\/p>\n<p>Vi\u0161ina pete: 7 cm<\/p>\n<p>Kvalitetna izdelava v Italiji.<\/p>","protected":false},"excerpt":{"rendered":"<p>Na zalogi v velikosti: 39<\/p>\n<p>Vi\u0161ina pete: 7 cm<\/p>\n<p>Kvalitetna izdelava v Italiji.<\/p>\n<p>Zgornji del s prekri\u017eanimi trakovi okoli gle\u017enja, odprta peta s tanko zanko na hrbtu in trakom za gle\u017eenj. Material: roza lam\u00e9 tkanina z zlatim in rde\u010dim prelivom. Pokrita peta. Podloga in vlo\u017eek iz nevtralnega sinteti\u010dnega usnja. Udoben podplat z dodatnim oblazinjenjem pod sprednjim delom stopala.<\/p>\n<p>Podplat v tunitu. <span data-subtree=\"aimfl,mfl\" data-processed=\"true\">Tunit je umeten material za podplate \u010devljev, ki je sestavljen iz me\u0161anice gume in usnjenih vlaken<\/span>. Zaradi visoke gostote, trpe\u017enosti in elasti\u010dnosti je zelo odporen proti obrabi. Videz tunita pogosto posnema usnje, vendar je tr\u0161i, bolj gladek in nudi bolj\u0161o za\u0161\u010dito pred vlago ter obrabo kot pravo usnje.<\/p>","protected":false},"featured_media":21275,"comment_status":"open","ping_status":"closed","template":"","meta":{"_monsterinsights_skip_tracking":false,"_monsterinsights_sitenote_active":false,"_monsterinsights_sitenote_note":"","_monsterinsights_sitenote_category":0},"product_brand":[128],"product_cat":[80],"product_tag":[137,138],"class_list":{"0":"post-21272","1":"product","2":"type-product","3":"status-publish","4":"has-post-thumbnail","6":"product_brand-madame-pivot","7":"product_cat-tango-plesni-cevlji","8":"product_tag-peta-7-cm","9":"product_tag-velikost-st-39","11":"first","12":"instock","13":"shipping-taxable","14":"purchasable","15":"product-type-simple"},"jetpack_sharing_enabled":true,"_links":{"self":[{"href":"https:\/\/www.calesitatango.si\/en\/wp-json\/wp\/v2\/product\/21272","targetHints":{"allow":["GET"]}}],"collection":[{"href":"https:\/\/www.calesitatango.si\/en\/wp-json\/wp\/v2\/product"}],"about":[{"href":"https:\/\/www.calesitatango.si\/en\/wp-json\/wp\/v2\/types\/product"}],"replies":[{"embeddable":true,"href":"https:\/\/www.calesitatango.si\/en\/wp-json\/wp\/v2\/comments?post=21272"}],"wp:featuredmedia":[{"embeddable":true,"href":"https:\/\/www.calesitatango.si\/en\/wp-json\/wp\/v2\/media\/21275"}],"wp:attachment":[{"href":"https:\/\/www.calesitatango.si\/en\/wp-json\/wp\/v2\/media?parent=21272"}],"wp:term":[{"taxonomy":"product_brand","embeddable":true,"href":"https:\/\/www.calesitatango.si\/en\/wp-json\/wp\/v2\/product_brand?post=21272"},{"taxonomy":"product_cat","embeddable":true,"href":"https:\/\/www.calesitatango.si\/en\/wp-json\/wp\/v2\/product_cat?post=21272"},{"taxonomy":"product_tag","embeddable":true,"href":"https:\/\/www.calesitatango.si\/en\/wp-json\/wp\/v2\/product_tag?post=21272"}],"curies":[{"name":"wp","href":"https:\/\/api.w.org\/{rel}","templated":true}]}}