{"id":21263,"date":"2026-04-11T07:04:52","date_gmt":"2026-04-11T05:04:52","guid":{"rendered":"https:\/\/www.calesitatango.si\/?post_type=product&#038;p=21263"},"modified":"2026-04-11T15:35:31","modified_gmt":"2026-04-11T13:35:31","slug":"madame-pivot-fedra-black-suede","status":"publish","type":"product","link":"https:\/\/www.calesitatango.si\/en\/product\/madame-pivot-fedra-black-suede\/","title":{"rendered":"Madame Pivot FEDRA Black suede, \u0161t. 40"},"content":{"rendered":"<p>Na zalogi v velikosti: 40<\/p>\n<p>Vi\u0161ina pete: 7 cm<\/p>\n<p>Kvalitetna izdelava v Italiji.<\/p>","protected":false},"excerpt":{"rendered":"<p>Na zalogi v velikosti: 40<\/p>\n<p>Vi\u0161ina pete: 7 cm<\/p>\n<p>Kvalitetna izdelava v Italiji.<\/p>\n<p>Enojni trak s T-pre\u010dko. Odprta peta.<\/p>\n<p>Material: \u010crn semi\u0161. Pokrita peta. Podloga in vlo\u017eek iz nevtralnega gladkega usnja.<\/p>\n<p>Udoben podplat z dodatnim oblazinjenjem pod sprednjim delom stopala. Podplat iz gladkega usnja z za\u0161\u010ditno folijo, ki jo je treba pred uporabo odstraniti.<\/p>","protected":false},"featured_media":21266,"comment_status":"open","ping_status":"closed","template":"","meta":{"_monsterinsights_skip_tracking":false,"_monsterinsights_sitenote_active":false,"_monsterinsights_sitenote_note":"","_monsterinsights_sitenote_category":0},"product_brand":[128],"product_cat":[80],"product_tag":[137,140],"class_list":{"0":"post-21263","1":"product","2":"type-product","3":"status-publish","4":"has-post-thumbnail","6":"product_brand-madame-pivot","7":"product_cat-tango-plesni-cevlji","8":"product_tag-peta-7-cm","9":"product_tag-velikost-st-40","11":"first","12":"instock","13":"shipping-taxable","14":"purchasable","15":"product-type-simple"},"jetpack_sharing_enabled":true,"_links":{"self":[{"href":"https:\/\/www.calesitatango.si\/en\/wp-json\/wp\/v2\/product\/21263","targetHints":{"allow":["GET"]}}],"collection":[{"href":"https:\/\/www.calesitatango.si\/en\/wp-json\/wp\/v2\/product"}],"about":[{"href":"https:\/\/www.calesitatango.si\/en\/wp-json\/wp\/v2\/types\/product"}],"replies":[{"embeddable":true,"href":"https:\/\/www.calesitatango.si\/en\/wp-json\/wp\/v2\/comments?post=21263"}],"wp:featuredmedia":[{"embeddable":true,"href":"https:\/\/www.calesitatango.si\/en\/wp-json\/wp\/v2\/media\/21266"}],"wp:attachment":[{"href":"https:\/\/www.calesitatango.si\/en\/wp-json\/wp\/v2\/media?parent=21263"}],"wp:term":[{"taxonomy":"product_brand","embeddable":true,"href":"https:\/\/www.calesitatango.si\/en\/wp-json\/wp\/v2\/product_brand?post=21263"},{"taxonomy":"product_cat","embeddable":true,"href":"https:\/\/www.calesitatango.si\/en\/wp-json\/wp\/v2\/product_cat?post=21263"},{"taxonomy":"product_tag","embeddable":true,"href":"https:\/\/www.calesitatango.si\/en\/wp-json\/wp\/v2\/product_tag?post=21263"}],"curies":[{"name":"wp","href":"https:\/\/api.w.org\/{rel}","templated":true}]}}