{"id":21258,"date":"2026-04-11T06:58:57","date_gmt":"2026-04-11T04:58:57","guid":{"rendered":"https:\/\/www.calesitatango.si\/?post_type=product&#038;p=21258"},"modified":"2026-04-11T15:35:55","modified_gmt":"2026-04-11T13:35:55","slug":"madame-pivot-cherie-nude-pearlised","status":"publish","type":"product","link":"https:\/\/www.calesitatango.si\/en\/product\/madame-pivot-cherie-nude-pearlised\/","title":{"rendered":"Madame Pivot CHERIE Nude pearlised, \u0161t. 36, 37"},"content":{"rendered":"<p>Na zalogi v velikosti: 36 s peto 5 cm<\/p>\n<p>Na zalogi v velikosti: 37 s peto 8cm<\/p>\n<p>Kvalitetna izdelava v Italiji.<\/p>","protected":false},"excerpt":{"rendered":"<p>Na zalogi v velikosti: 36 s peto 5 cm<\/p>\n<p>Na zalogi v velikosti: 37 s peto 8cm<\/p>\n<p>Material: Biserno usnje v ko\u017ei ko\u017ee. Prekrita peta. Podloga in vlo\u017eek iz nevtralnega gladkega usnja. Udoben podplat z dodatnim oblazinjenjem pod sprednjim delom stopala. Podplat iz gladkega usnja z za\u0161\u010ditno folijo, ki jo je treba pred uporabo odstraniti.<\/p>\n<p>Izdelano v Italiji.<\/p>","protected":false},"featured_media":21261,"comment_status":"open","ping_status":"closed","template":"","meta":{"_monsterinsights_skip_tracking":false,"_monsterinsights_sitenote_active":false,"_monsterinsights_sitenote_note":"","_monsterinsights_sitenote_category":0},"product_brand":[128],"product_cat":[80],"product_tag":[144,145,133,135],"class_list":{"0":"post-21258","1":"product","2":"type-product","3":"status-publish","4":"has-post-thumbnail","6":"product_brand-madame-pivot","7":"product_cat-tango-plesni-cevlji","8":"product_tag-peta-5-cm","9":"product_tag-peta-8-cm","10":"product_tag-velikost-st-36","11":"product_tag-velikost-st-37","13":"first","14":"instock","15":"shipping-taxable","16":"purchasable","17":"product-type-simple"},"jetpack_sharing_enabled":true,"_links":{"self":[{"href":"https:\/\/www.calesitatango.si\/en\/wp-json\/wp\/v2\/product\/21258","targetHints":{"allow":["GET"]}}],"collection":[{"href":"https:\/\/www.calesitatango.si\/en\/wp-json\/wp\/v2\/product"}],"about":[{"href":"https:\/\/www.calesitatango.si\/en\/wp-json\/wp\/v2\/types\/product"}],"replies":[{"embeddable":true,"href":"https:\/\/www.calesitatango.si\/en\/wp-json\/wp\/v2\/comments?post=21258"}],"wp:featuredmedia":[{"embeddable":true,"href":"https:\/\/www.calesitatango.si\/en\/wp-json\/wp\/v2\/media\/21261"}],"wp:attachment":[{"href":"https:\/\/www.calesitatango.si\/en\/wp-json\/wp\/v2\/media?parent=21258"}],"wp:term":[{"taxonomy":"product_brand","embeddable":true,"href":"https:\/\/www.calesitatango.si\/en\/wp-json\/wp\/v2\/product_brand?post=21258"},{"taxonomy":"product_cat","embeddable":true,"href":"https:\/\/www.calesitatango.si\/en\/wp-json\/wp\/v2\/product_cat?post=21258"},{"taxonomy":"product_tag","embeddable":true,"href":"https:\/\/www.calesitatango.si\/en\/wp-json\/wp\/v2\/product_tag?post=21258"}],"curies":[{"name":"wp","href":"https:\/\/api.w.org\/{rel}","templated":true}]}}