{"id":21230,"date":"2026-04-10T12:56:51","date_gmt":"2026-04-10T10:56:51","guid":{"rendered":"https:\/\/www.calesitatango.si\/?post_type=product&#038;p=21230"},"modified":"2026-04-11T15:37:36","modified_gmt":"2026-04-11T13:37:36","slug":"regina-california-180d","status":"publish","type":"product","link":"https:\/\/www.calesitatango.si\/en\/product\/regina-california-180d\/","title":{"rendered":"Regina California 180D, \u0161t. 40"},"content":{"rendered":"<p>Na zalogi v velikosti: 40<\/p>\n<p>Vi\u0161ina pete: 7 cm<\/p>\n<p>Izdelani iz najbolj\u0161ih italijanskih materialov.<\/p>\n<p>Udoben model.<\/p>","protected":false},"excerpt":{"rendered":"<p>Na zalogi v velikosti: 40<\/p>\n<p>Vi\u0161ina pete: 7 cm<\/p>\n<p>Plesni \u010devlji REGINA\u00ae so bili ustvarjeni za argentinski tango.<\/p>\n<p>Vlo\u017eek vsakega \u010devlja REGINA\u00ae je oblazinjen s spominsko peno.<\/p>\n<p>Sponka REGINA\u00ae iz srebrne kovine s kristali Swarovski je edinstvena.<\/p>\n<p>Vsi \u010devlji REGINA\u00ae so znani po izjemnem udobju in ravnovesju.<\/p>\n<p>Podplat iz bru\u0161ene in mehke ko\u017ee, ki je zelo pro\u017een, trpe\u017een in oporen, je ob izdelavi za\u0161\u010diten s prozorno lepilno folijo, ki jo je treba pred uporabo odstraniti.<br \/>\nVsak podplat je ozna\u010den z logotipom REGINA\u00ae Seduce Me.<br \/>\nPozor: Podplat je zasnovan za ples; niso namenjeni za hojo v zunanjih prostorih.<\/p>","protected":false},"featured_media":21233,"comment_status":"open","ping_status":"closed","template":"","meta":{"_monsterinsights_skip_tracking":false,"_monsterinsights_sitenote_active":false,"_monsterinsights_sitenote_note":"","_monsterinsights_sitenote_category":0},"product_brand":[129],"product_cat":[80],"product_tag":[137,140],"class_list":{"0":"post-21230","1":"product","2":"type-product","3":"status-publish","4":"has-post-thumbnail","6":"product_brand-regina","7":"product_cat-tango-plesni-cevlji","8":"product_tag-peta-7-cm","9":"product_tag-velikost-st-40","11":"first","12":"instock","13":"shipping-taxable","14":"purchasable","15":"product-type-simple"},"jetpack_sharing_enabled":true,"_links":{"self":[{"href":"https:\/\/www.calesitatango.si\/en\/wp-json\/wp\/v2\/product\/21230","targetHints":{"allow":["GET"]}}],"collection":[{"href":"https:\/\/www.calesitatango.si\/en\/wp-json\/wp\/v2\/product"}],"about":[{"href":"https:\/\/www.calesitatango.si\/en\/wp-json\/wp\/v2\/types\/product"}],"replies":[{"embeddable":true,"href":"https:\/\/www.calesitatango.si\/en\/wp-json\/wp\/v2\/comments?post=21230"}],"wp:featuredmedia":[{"embeddable":true,"href":"https:\/\/www.calesitatango.si\/en\/wp-json\/wp\/v2\/media\/21233"}],"wp:attachment":[{"href":"https:\/\/www.calesitatango.si\/en\/wp-json\/wp\/v2\/media?parent=21230"}],"wp:term":[{"taxonomy":"product_brand","embeddable":true,"href":"https:\/\/www.calesitatango.si\/en\/wp-json\/wp\/v2\/product_brand?post=21230"},{"taxonomy":"product_cat","embeddable":true,"href":"https:\/\/www.calesitatango.si\/en\/wp-json\/wp\/v2\/product_cat?post=21230"},{"taxonomy":"product_tag","embeddable":true,"href":"https:\/\/www.calesitatango.si\/en\/wp-json\/wp\/v2\/product_tag?post=21230"}],"curies":[{"name":"wp","href":"https:\/\/api.w.org\/{rel}","templated":true}]}}