{"id":21207,"date":"2026-04-10T10:51:08","date_gmt":"2026-04-10T08:51:08","guid":{"rendered":"https:\/\/www.calesitatango.si\/?post_type=product&#038;p=21207"},"modified":"2026-04-11T15:44:25","modified_gmt":"2026-04-11T13:44:25","slug":"recoleta-1550d-slim","status":"publish","type":"product","link":"https:\/\/www.calesitatango.si\/en\/product\/recoleta-1550d-slim\/","title":{"rendered":"Recoleta 1550D SLIM, \u0161t. 37 in 38"},"content":{"rendered":"<p>Na zalogi v velikosti: 37 in 38<\/p>\n<p>Vi\u0161ina pete: 7 cm<\/p>\n<p>Za o\u017eja stopala (slim model)<\/p>\n<p>Izdelani iz najbolj\u0161ih italijanskih materialov.<\/p>","protected":false},"excerpt":{"rendered":"<p>Na zalogi v velikosti: 37 in 38<\/p>\n<p>Vi\u0161ina pete: 7cm<\/p>\n<p>Za o\u017eja stopala (slim model)<\/p>\n<p>Ovijajo\u010di imajo dvojno zaponko na gle\u017enju. Zaponka REGINA\u00ae iz srebrne kovine s kristali Swarovski je edinstvena.<br \/>\nPriporo\u010damo, da najprej zapnete zaponko na gle\u017enju &#8220;brez logotipa&#8221;.<\/p>\n<p>Plesni \u010devlji REGINA\u00ae so bili ustvarjeni za argentinski tango.<\/p>\n<p>Vlo\u017eek vsakega \u010devlja REGINA\u00ae je oblazinjen s spominsko peno.<\/p>\n<p>Vsak podplat je ozna\u010den z logotipom REGINA\u00ae Seduce Me.<\/p>\n<p>Opomba: Podplat je zasnovan samo za ples in ne za uporabo zunaj.<\/p>\n<p>Podplat iz bru\u0161enega in mehkega usnja, ki je zelo pro\u017een, trpe\u017een in nudi dobro oporo, je ob novem za\u0161\u010diten s prozorno lepilno folijo, ki jo je treba pred uporabo odstraniti.<\/p>","protected":false},"featured_media":21209,"comment_status":"open","ping_status":"closed","template":"","meta":{"_monsterinsights_skip_tracking":false,"_monsterinsights_sitenote_active":false,"_monsterinsights_sitenote_note":"","_monsterinsights_sitenote_category":0},"product_brand":[129],"product_cat":[80],"product_tag":[137,135,136],"class_list":{"0":"post-21207","1":"product","2":"type-product","3":"status-publish","4":"has-post-thumbnail","6":"product_brand-regina","7":"product_cat-tango-plesni-cevlji","8":"product_tag-peta-7-cm","9":"product_tag-velikost-st-37","10":"product_tag-velikost-st-38","12":"first","13":"instock","14":"shipping-taxable","15":"purchasable","16":"product-type-simple"},"jetpack_sharing_enabled":true,"_links":{"self":[{"href":"https:\/\/www.calesitatango.si\/en\/wp-json\/wp\/v2\/product\/21207","targetHints":{"allow":["GET"]}}],"collection":[{"href":"https:\/\/www.calesitatango.si\/en\/wp-json\/wp\/v2\/product"}],"about":[{"href":"https:\/\/www.calesitatango.si\/en\/wp-json\/wp\/v2\/types\/product"}],"replies":[{"embeddable":true,"href":"https:\/\/www.calesitatango.si\/en\/wp-json\/wp\/v2\/comments?post=21207"}],"wp:featuredmedia":[{"embeddable":true,"href":"https:\/\/www.calesitatango.si\/en\/wp-json\/wp\/v2\/media\/21209"}],"wp:attachment":[{"href":"https:\/\/www.calesitatango.si\/en\/wp-json\/wp\/v2\/media?parent=21207"}],"wp:term":[{"taxonomy":"product_brand","embeddable":true,"href":"https:\/\/www.calesitatango.si\/en\/wp-json\/wp\/v2\/product_brand?post=21207"},{"taxonomy":"product_cat","embeddable":true,"href":"https:\/\/www.calesitatango.si\/en\/wp-json\/wp\/v2\/product_cat?post=21207"},{"taxonomy":"product_tag","embeddable":true,"href":"https:\/\/www.calesitatango.si\/en\/wp-json\/wp\/v2\/product_tag?post=21207"}],"curies":[{"name":"wp","href":"https:\/\/api.w.org\/{rel}","templated":true}]}}