{"id":21180,"date":"2026-04-09T14:18:07","date_gmt":"2026-04-09T12:18:07","guid":{"rendered":"https:\/\/www.calesitatango.si\/?post_type=product&#038;p=21180"},"modified":"2026-04-11T15:42:44","modified_gmt":"2026-04-11T13:42:44","slug":"regina-california-55","status":"publish","type":"product","link":"https:\/\/www.calesitatango.si\/en\/product\/regina-california-55\/","title":{"rendered":"Regina California 55, \u0161t. 36"},"content":{"rendered":"<p>Na zalogi v velikosti: 36<\/p>\n<p>Vi\u0161ina pete: 8 cm<\/p>\n<p>Izdelani iz najbolj\u0161ih italijanskih materialov.<br \/>\nElegantna oblika.<\/p>","protected":false},"excerpt":{"rendered":"<p>Na zalogi v velikosti: 36<\/p>\n<p>Vi\u0161ina pete: 8cm<\/p>\n<p>Plesni \u010devlji REGINA\u00ae so bili ustvarjeni za argentinski tango.<\/p>\n<p>Vlo\u017eek vsakega \u010devlja REGINA\u00ae je oblazinjen s spominsko peno.<\/p>\n<p>Sponka REGINA\u00ae iz srebrne kovine s kristali Swarovski je edinstvena.<\/p>\n<p>Vsi \u010devlji REGINA\u00ae so znani po izjemnem udobju in ravnovesju.<\/p>\n<p>Podplat iz bru\u0161ene in mehke ko\u017ee, ki je zelo pro\u017een, trpe\u017een in oporen, je ob izdelavi za\u0161\u010diten s prozorno lepilno folijo, ki jo je treba pred uporabo odstraniti.<br \/>\nVsak podplat je ozna\u010den z logotipom REGINA\u00ae Seduce Me.<br \/>\nPozor: Podplat je zasnovan za ples; niso namenjeni za hojo v zunanjih prostorih.<\/p>","protected":false},"featured_media":21181,"comment_status":"closed","ping_status":"closed","template":"","meta":{"_monsterinsights_skip_tracking":false,"_monsterinsights_sitenote_active":false,"_monsterinsights_sitenote_note":"","_monsterinsights_sitenote_category":0},"product_brand":[129],"product_cat":[80],"product_tag":[132,133],"class_list":{"0":"post-21180","1":"product","2":"type-product","3":"status-publish","4":"has-post-thumbnail","6":"product_brand-regina","7":"product_cat-tango-plesni-cevlji","8":"product_tag-peta-8cm","9":"product_tag-velikost-st-36","11":"first","12":"instock","13":"shipping-taxable","14":"purchasable","15":"product-type-simple"},"jetpack_sharing_enabled":true,"_links":{"self":[{"href":"https:\/\/www.calesitatango.si\/en\/wp-json\/wp\/v2\/product\/21180","targetHints":{"allow":["GET"]}}],"collection":[{"href":"https:\/\/www.calesitatango.si\/en\/wp-json\/wp\/v2\/product"}],"about":[{"href":"https:\/\/www.calesitatango.si\/en\/wp-json\/wp\/v2\/types\/product"}],"replies":[{"embeddable":true,"href":"https:\/\/www.calesitatango.si\/en\/wp-json\/wp\/v2\/comments?post=21180"}],"wp:featuredmedia":[{"embeddable":true,"href":"https:\/\/www.calesitatango.si\/en\/wp-json\/wp\/v2\/media\/21181"}],"wp:attachment":[{"href":"https:\/\/www.calesitatango.si\/en\/wp-json\/wp\/v2\/media?parent=21180"}],"wp:term":[{"taxonomy":"product_brand","embeddable":true,"href":"https:\/\/www.calesitatango.si\/en\/wp-json\/wp\/v2\/product_brand?post=21180"},{"taxonomy":"product_cat","embeddable":true,"href":"https:\/\/www.calesitatango.si\/en\/wp-json\/wp\/v2\/product_cat?post=21180"},{"taxonomy":"product_tag","embeddable":true,"href":"https:\/\/www.calesitatango.si\/en\/wp-json\/wp\/v2\/product_tag?post=21180"}],"curies":[{"name":"wp","href":"https:\/\/api.w.org\/{rel}","templated":true}]}}