{"id":18004,"date":"2017-03-15T22:44:38","date_gmt":"2017-03-15T20:44:38","guid":{"rendered":"http:\/\/www.calesitatango.si\/?post_type=product&#038;p=18004"},"modified":"2026-04-11T16:08:26","modified_gmt":"2026-04-11T14:08:26","slug":"botitas-f01","status":"publish","type":"product","link":"https:\/\/www.calesitatango.si\/en\/product\/botitas-f01\/","title":{"rendered":"Regina, Botitas F01, \u0161t. 39 in pol"},"content":{"rendered":"<p>Velikost \u010devlja na zalogi: 39,5<\/p>\n<p>Vi\u0161ina pete: 2 cm<\/p>","protected":false},"excerpt":{"rendered":"<p>Velikost \u010devlja na zalogi: 39,5<\/p>\n<p>Vi\u0161ina pete: 2 cm<\/p>\n<p>Nova generacija unisex superg iz ultra mehkega, nepodlo\u017eenega semi\u0161a z rahlo oja\u010danim prstom in peto. Zaradi ne\u017enega usnja ponujajo vrhunsko ob\u010dutljivost. Nimajo oja\u010ditev, zato priporo\u010damo, da pred obuvanjem odve\u017eete vse vezalke, da se izognete obremenjevanju mehkega semi\u0161a, ki bi se lahko strgal.<\/p>\n<p>Izjemno ob\u010dutljivi gibi za tiste, ki \u017eelijo voditi v tangu.<\/p>\n<p>Priporo\u010damo no\u0161enje nogavic: lahko jih nosite zvite ali pa jih pustite v polni vi\u0161ini.<\/p>\n<p>Lesena peta je podlo\u017eena z mehko gumo za bla\u017eenje koraka.<\/p>","protected":false},"featured_media":21173,"comment_status":"open","ping_status":"closed","template":"","meta":{"_monsterinsights_skip_tracking":false,"_monsterinsights_sitenote_active":false,"_monsterinsights_sitenote_note":"","_monsterinsights_sitenote_category":0},"product_brand":[129],"product_cat":[123],"product_tag":[146],"class_list":{"0":"post-18004","1":"product","2":"type-product","3":"status-publish","4":"has-post-thumbnail","6":"product_brand-regina","7":"product_cat-vadbeni-tango-cevlji","8":"product_tag-velikost-st-39-in-pol","10":"first","11":"instock","12":"downloadable","13":"shipping-taxable","14":"purchasable","15":"product-type-simple"},"jetpack_sharing_enabled":true,"_links":{"self":[{"href":"https:\/\/www.calesitatango.si\/en\/wp-json\/wp\/v2\/product\/18004","targetHints":{"allow":["GET"]}}],"collection":[{"href":"https:\/\/www.calesitatango.si\/en\/wp-json\/wp\/v2\/product"}],"about":[{"href":"https:\/\/www.calesitatango.si\/en\/wp-json\/wp\/v2\/types\/product"}],"replies":[{"embeddable":true,"href":"https:\/\/www.calesitatango.si\/en\/wp-json\/wp\/v2\/comments?post=18004"}],"wp:featuredmedia":[{"embeddable":true,"href":"https:\/\/www.calesitatango.si\/en\/wp-json\/wp\/v2\/media\/21173"}],"wp:attachment":[{"href":"https:\/\/www.calesitatango.si\/en\/wp-json\/wp\/v2\/media?parent=18004"}],"wp:term":[{"taxonomy":"product_brand","embeddable":true,"href":"https:\/\/www.calesitatango.si\/en\/wp-json\/wp\/v2\/product_brand?post=18004"},{"taxonomy":"product_cat","embeddable":true,"href":"https:\/\/www.calesitatango.si\/en\/wp-json\/wp\/v2\/product_cat?post=18004"},{"taxonomy":"product_tag","embeddable":true,"href":"https:\/\/www.calesitatango.si\/en\/wp-json\/wp\/v2\/product_tag?post=18004"}],"curies":[{"name":"wp","href":"https:\/\/api.w.org\/{rel}","templated":true}]}}