{"id":8312,"date":"2012-06-20T21:24:06","date_gmt":"2012-06-20T19:24:06","guid":{"rendered":"http:\/\/www.calesitatango.si\/?page_id=8312"},"modified":"2026-04-17T09:30:28","modified_gmt":"2026-04-17T07:30:28","slug":"prijava","status":"publish","type":"page","link":"https:\/\/www.calesitatango.si\/en\/prijava\/","title":{"rendered":"PRIJAVA NA TE\u010cAJ TANGA"},"content":{"rendered":"<p><strong><span style=\"color: #e57070;\">Pred prijavo preberite kako potekajo te\u010daji argentinskega tanga pri nas:<\/span><\/strong><\/p>\n<ul>\n<li><span style=\"color: #000000;\">\u010ce \u017eelite preizkusiti argentinski tango in videti kako izgleda u\u010denje tanga pri Calesiti, se udele\u017eite <a style=\"color: #000000;\" href=\"http:\/\/www.calesitatango.si\/en\/tango-zacetniki\/\"><strong>Brezpla\u010dnega uvodnega te\u010daja<\/strong><\/a> za popolne za\u010detnike.<\/span> <strong><a href=\"http:\/\/www.calesitatango.si\/en\/tango-zacetniki\/\">&gt;&gt;<\/a><span style=\"color: #0000ff;\"><a href=\"http:\/\/www.calesitatango.si\/en\/tango-zacetniki\/\" target=\"_blank\" rel=\"noopener noreferrer\">Klikni za<\/a><\/span><span style=\"color: #0000ff;\"><a href=\"http:\/\/www.calesitatango.si\/en\/tango-zacetniki\/\" target=\"_blank\" rel=\"noopener noreferrer\"> prijavo<\/a><\/span><\/strong><\/li>\n<li><span style=\"color: #000000;\">Na<strong> redni tango te\u010daj<\/strong> se lahko vpi\u0161ete kadarkoli sredi leta, sredi meseca. Te\u010daji potekajo celo leto, tudi poleti.<\/span> <strong><a href=\"#section1\">&gt;&gt; Sko\u010di na vpisni obrazec<\/a><\/strong><\/li>\n<li><span style=\"color: #000000;\">Na rednem te\u010daju je do 10 parov. Me\u0161ajo se popolni za\u010detniki in nadaljevalci.<\/span><\/li>\n<li><span style=\"color: #000000;\">Redni te\u010daji so na voljo <strong>3x tedensko &#8211; vsak torek, petek in nedeljo. Te\u010daj samo za za\u010detnike je ob torkih ob 17:00. Me\u0161ane skupine (me\u0161ajo se popolni za\u010detniki in nadaljevalci) so ob torkih, petkih in nedeljah ob 18:00 uri. Te\u010daj samo<\/strong>\u00a0<strong>za nadaljevalce pa je ob petkih ob 19:00 uri,<\/strong> v plesnem studiu Dancelife, na \u0160martinski 106, v Ljubljani. Tako da te\u010daje lahko obiskujete 1x,\u00a0 2x ali 3x tedensko po \u017eelji. Za\u010detniki lahko obiskujejo te\u010daj za za\u010detnike in me\u0161ane skupine.<\/span><\/li>\n<li><span style=\"color: #000000;\">V kolikor nimate plesnega partnerja, nam<strong> svoj vsakokratni prihod na te\u010daj najavite preko sms-a, <\/strong>da vam uredimo soplesalca\/ko.<\/span><\/li>\n<li><span style=\"color: #000000;\">Pri nas ne obstaja mese\u010dni ali dvomese\u010dni te\u010daj, temve\u010d obiskujete te\u010daje <strong>fleksibilno<\/strong> katerokoli torek, petek in nedeljo ob 18h. Ob vpisu ali prvem obisku kupite dobroimetje ur <strong>(paket ur)<\/strong>, ki jih koristite z obiskovanjem tango te\u010dajev. Ena ura pomeni en te\u010daj, ki traja 60 minut. Cena ene ure te\u010daja je 10\u20ac. Vendar ve\u010d ur kot zakupite, ve\u010dji popust pridobite. Ugodnost velja le za pla\u010dilo v enem obroku. Veljavnost vseh paketov je 1 leto od nakupa. Paketi ur velja na osebo. Ure niso prenosljive. <strong>Za neizkori\u0161\u010dene ure kupljenega paketa ni mo\u017eno povra\u010dilo v denarju<\/strong>.<\/span> <strong><a href=\"#section2\">&gt;&gt; Poglej pakete na ceniku<\/a><\/strong><\/li>\n<li><span style=\"color: #000000;\">\u010cesa se u\u010dimo na te\u010dajih? V osnovi na te\u010daju osvajamo osnovne principe vodenja in sledenja ter najbolj zna\u010dilne korake argentinskega tanga, delamo na tehniki dr\u017ee, hoje in tehniki pravilnega izvajanja korakov. Ob\u010dasno se poglobimo tudi v razli\u010dno tango glasbo ali pa razlo\u017eimo socialne ve\u0161\u010dine, ki jih uporabljamo na plesnih ve\u010derih tanga (milongah). Z nadaljevalnimi plesalci delamo tudi individualno, glede na njihove preference in \u017eelje. Na delavnicah solo \u017eenske tehnike vadimo tehniko \u017eenskih korakov, ravnote\u017eje in okraske, ki jih plesalka pri plesu lahko dodaja, ob\u010dasno ple\u0161emo solo koreografijo. Na individualnih te\u010dajih delamo vsebino po \u017eelji posameznika oz. para.<\/span><\/li>\n<li><span style=\"color: #000000;\">Argentinski tango ple\u0161ejo mladi in stari, prav tako tudi na na\u0161ih te\u010dajih <strong>ni starostnih omejitev<\/strong> in se me\u0161ajo razli\u010dne generacije.<\/span><\/li>\n<li><span style=\"color: #000000;\">Najlep\u0161e je, ko pridobljeno znanje za\u017eivi na plesnih ve\u010derih argentinskega tanga. To je tudi cilj na\u0161ih te\u010dajev \ud83d\ude42<\/span><\/li>\n<li><span style=\"color: #000000;\">Ali res nujno potrebujem <strong>plesne \u010devlje za tango<\/strong>? Na za\u010detku ni nujno, da imate plesne \u010devlje za tango, vendar je za dekleta vseeno za\u017eeleno, da imajo na te\u010dajih \u010devlje s petko. Po preteku nekaj mesecev so plesni \u010devlji vsekakor nujni, za plesalce in plesalke. Kupite jih lahko na ve\u010djih milongah ali tango festivalih ali pri nas na na\u0161ih te\u010dajih, kjer ponujamo znamko Regina in\u00a0 Madame Pivot, ki so izdelani v Italiji. Ve\u010d o tango \u010devljih pa si lahko preberete na na\u0161em<\/span> <a href=\"http:\/\/www.calesitatango.si\/en\/argentinski-tango\/\">BLOGU<\/a>.<\/li>\n<li><span style=\"color: #000000;\">Te\u010daje argentinskega tanga vodi <strong>Dana, <\/strong>ki \u017ee od leta 2008 aktivno ple\u0161e argentinski tango.<\/span><\/li>\n<li><span style=\"color: #000000;\">Za <strong>nakup plesnih \u010devljev<\/strong> pi\u0161ite na darko@calesitatango.si<\/span><\/li>\n<li><span style=\"color: #000000;\">\u0160e <strong>ve\u010d informacij o te\u010dajih<\/strong> lahko dobite na telefonski \u0161tevilki 040 755 696 ali preko emaila dana@calesitatango.si<\/span><\/li>\n<\/ul>\n<p><a name=\"section2\"><\/a><br \/>\n<strong><span style=\"color: #e57070;\">&#8230;CENIK na osebo:<\/span><\/strong><\/p>\n<blockquote><p><span style=\"color: #000000;\">1 ura (60min) = 10 \u20ac<\/span><br \/>\n<span style=\"color: #000000;\">Paket 5 ur = 45 \u20ac (cena 1 ure je 9\u20ac)<\/span><br \/>\n<span style=\"color: #000000;\">Paket 10 ur = 80 \u20ac (cena 1 ure je 8\u20ac)<\/span><br \/>\n<span style=\"color: #000000;\">Paket 15 ur = 105 \u20ac (cena 1 ure je 7\u20ac)<\/span><\/p><\/blockquote>\n<p><span style=\"color: #000000;\"><a style=\"color: #000000;\" name=\"section1\"><\/a><\/span><br \/>\n<span style=\"color: #000000;\">Paketi ur veljajo na osebo in <strong>niso prenosljivi<\/strong> (par torej ne more koristiti ure iz istega paketa). <strong>V kolikor se izka\u017ee, da zaradi va\u0161ih obveznosti ne morete izkoristiti zakupljenih ur, ne vra\u010damo denarja!<\/strong> Veljavnost vseh paketov: 12 mesecev. Ure lahko koristite za katerikoli te\u010daj ob torkih, petkih in nedeljah ter za solo \u017eensko tehniko.<\/span><\/p>\n<p><strong><span style=\"color: #e57070;\">&#8230;CENIK individualnih ur:<\/span><\/strong><\/p>\n<blockquote><p><span style=\"color: #000000;\">1 ura posameznik (60min) = 60 \u20ac<\/span><br \/>\n<span style=\"color: #000000;\">1 ura par (60min) = 80 \u20ac (40\u20ac na osebo)<\/span><br \/>\n<span style=\"color: #000000;\">1 ura zakonski par (60min) = 70 \u20ac (ni\u017eja cena za skupno gospodinjstvo)<\/span><br \/>\n<span style=\"color: #000000;\"><a style=\"color: #000000;\" name=\"section1\"><\/a><\/span><\/p>\n<p><span style=\"color: #000000;\">\u017delimo vam veliko zabave!<\/span><\/p>\n<h4 style=\"text-align: center;\"><span style=\"color: #000000;\"><strong>PRIJAVNI OBRAZEC<\/strong><\/span><\/h4>\n<p><span style=\"color: #000000;\">\n<div class=\"wpcf7 no-js\" id=\"wpcf7-f15964-o1\" lang=\"en-US\" dir=\"ltr\" data-wpcf7-id=\"15964\">\n<div class=\"screen-reader-response\"><p role=\"status\" aria-live=\"polite\" aria-atomic=\"true\"><\/p> <ul><\/ul><\/div>\n<form action=\"\/en\/wp-json\/wp\/v2\/pages\/8312#wpcf7-f15964-o1\" method=\"post\" class=\"wpcf7-form init\" aria-label=\"Contact form\" novalidate=\"novalidate\" data-status=\"init\" data-trp-original-action=\"\/en\/wp-json\/wp\/v2\/pages\/8312#wpcf7-f15964-o1\">\n<fieldset class=\"hidden-fields-container\"><input type=\"hidden\" name=\"_wpcf7\" value=\"15964\" \/><input type=\"hidden\" name=\"_wpcf7_version\" value=\"6.1.5\" \/><input type=\"hidden\" name=\"_wpcf7_locale\" value=\"en_US\" \/><input type=\"hidden\" name=\"_wpcf7_unit_tag\" value=\"wpcf7-f15964-o1\" \/><input type=\"hidden\" name=\"_wpcf7_container_post\" value=\"0\" \/><input type=\"hidden\" name=\"_wpcf7_posted_data_hash\" value=\"\" \/><input type=\"hidden\" name=\"_wpcf7_recaptcha_response\" value=\"\" \/>\n<\/fieldset>\n<p>Ime in Priimek:\n<\/p>\n<p><span class=\"wpcf7-form-control-wrap\" data-name=\"your-name\"><input size=\"40\" maxlength=\"400\" class=\"wpcf7-form-control wpcf7-text wpcf7-validates-as-required\" aria-required=\"true\" aria-invalid=\"false\" value=\"\" type=\"text\" name=\"your-name\" \/><\/span>\n<\/p>\n<p>Email :\n<\/p>\n<p><span class=\"wpcf7-form-control-wrap\" data-name=\"your-email\"><input size=\"40\" maxlength=\"400\" class=\"wpcf7-form-control wpcf7-email wpcf7-validates-as-required wpcf7-text wpcf7-validates-as-email\" aria-required=\"true\" aria-invalid=\"false\" value=\"\" type=\"email\" name=\"your-email\" \/><\/span>\n<\/p>\n<p>Telefon:\n<\/p>\n<p><span class=\"wpcf7-form-control-wrap\" data-name=\"Telefon\"><input size=\"40\" maxlength=\"400\" class=\"wpcf7-form-control wpcf7-text\" aria-invalid=\"false\" value=\"\" type=\"text\" name=\"Telefon\" \/><\/span>\n<\/p>\n<p>Izberite vrsto paketa (velja na osebo):<br \/>\n<span class=\"wpcf7-form-control-wrap\" data-name=\"Vrstapaketa\"><select class=\"wpcf7-form-control wpcf7-select\" aria-invalid=\"false\" name=\"Vrstapaketa\"><option value=\"1 obisk (60 min) = 10 \u20ac\">1 obisk (60 min) = 10 \u20ac<\/option><option value=\"Paket 5 ur = 45 \u20ac (cena 1 ure je 9\u20ac)\">Paket 5 ur = 45 \u20ac (cena 1 ure je 9\u20ac)<\/option><option value=\"Paket 10 ur = 80 \u20ac (cena 1 ure je 8\u20ac)\">Paket 10 ur = 80 \u20ac (cena 1 ure je 8\u20ac)<\/option><option value=\"Paket 15 ur = 105 \u20ac (cena 1 ure je 7\u20ac)\">Paket 15 ur = 105 \u20ac (cena 1 ure je 7\u20ac)<\/option><\/select><\/span>\n<\/p>\n<p>Izberite na\u010din pla\u010dila:<br \/>\n<span class=\"wpcf7-form-control-wrap\" data-name=\"nainplaila\"><select class=\"wpcf7-form-control wpcf7-select wpcf7-validates-as-required\" aria-required=\"true\" aria-invalid=\"false\" name=\"nainplaila\"><option value=\"Preko predra\u010duna\">Preko predra\u010duna<\/option><option value=\"V gotovini ob prvem obisku\">V gotovini ob prvem obisku<\/option><\/select><\/span>\n<\/p>\n<p>Bi nam radi sporo\u010dili \u0161e kaj:\n<\/p>\n<p><span class=\"wpcf7-form-control-wrap\" data-name=\"your-message\"><textarea cols=\"40\" rows=\"10\" maxlength=\"2000\" class=\"wpcf7-form-control wpcf7-textarea\" aria-invalid=\"false\" name=\"your-message\"><\/textarea><\/span>\n<\/p>\n<p><input class=\"wpcf7-form-control wpcf7-submit has-spinner\" type=\"submit\" value=\"Prijava na te\u010daj\" \/>\n<\/p><p style=\"display: none !important;\" class=\"akismet-fields-container\" data-prefix=\"_wpcf7_ak_\"><label>&#916;<textarea name=\"_wpcf7_ak_hp_textarea\" cols=\"45\" rows=\"8\" maxlength=\"100\"><\/textarea><\/label><input type=\"hidden\" id=\"ak_js_1\" name=\"_wpcf7_ak_js\" value=\"172\"\/><script>document.getElementById( \"ak_js_1\" ).setAttribute( \"value\", ( new Date() ).getTime() );<\/script><\/p><div class=\"wpcf7-response-output\" aria-hidden=\"true\"><\/div>\n<input type=\"hidden\" name=\"trp-form-language\" value=\"en\"\/><\/form>\n<\/div>\n<\/span><\/p>","protected":false},"excerpt":{"rendered":"<p>Pred prijavo preberite kako potekajo te\u010daji argentinskega tanga pri nas: \u010ce \u017eelite preizkusiti argentinski tango in videti kako izgleda u\u010denje tanga pri Calesiti, se udele\u017eite Brezpla\u010dnega uvodnega te\u010daja za popolne za\u010detnike. &gt;&gt;Klikni za prijavo Na redni tango te\u010daj se lahko vpi\u0161ete kadarkoli sredi leta, sredi meseca. Te\u010daji potekajo celo leto, tudi poleti. &gt;&gt; Sko\u010di na&#8230;<\/p>","protected":false},"author":1,"featured_media":0,"parent":0,"menu_order":0,"comment_status":"closed","ping_status":"closed","template":"","meta":{"_monsterinsights_skip_tracking":false,"_monsterinsights_sitenote_active":false,"_monsterinsights_sitenote_note":"","_monsterinsights_sitenote_category":0,"footnotes":""},"class_list":["post-8312","page","type-page","status-publish","hentry"],"jetpack_sharing_enabled":true,"_links":{"self":[{"href":"https:\/\/www.calesitatango.si\/en\/wp-json\/wp\/v2\/pages\/8312","targetHints":{"allow":["GET"]}}],"collection":[{"href":"https:\/\/www.calesitatango.si\/en\/wp-json\/wp\/v2\/pages"}],"about":[{"href":"https:\/\/www.calesitatango.si\/en\/wp-json\/wp\/v2\/types\/page"}],"author":[{"embeddable":true,"href":"https:\/\/www.calesitatango.si\/en\/wp-json\/wp\/v2\/users\/1"}],"replies":[{"embeddable":true,"href":"https:\/\/www.calesitatango.si\/en\/wp-json\/wp\/v2\/comments?post=8312"}],"version-history":[{"count":196,"href":"https:\/\/www.calesitatango.si\/en\/wp-json\/wp\/v2\/pages\/8312\/revisions"}],"predecessor-version":[{"id":21313,"href":"https:\/\/www.calesitatango.si\/en\/wp-json\/wp\/v2\/pages\/8312\/revisions\/21313"}],"wp:attachment":[{"href":"https:\/\/www.calesitatango.si\/en\/wp-json\/wp\/v2\/media?parent=8312"}],"curies":[{"name":"wp","href":"https:\/\/api.w.org\/{rel}","templated":true}]}}