{"id":19818,"date":"2020-07-17T13:14:39","date_gmt":"2020-07-17T11:14:39","guid":{"rendered":"http:\/\/www.calesitatango.si\/?page_id=19818"},"modified":"2026-03-09T09:13:44","modified_gmt":"2026-03-09T07:13:44","slug":"tango-vikend","status":"publish","type":"page","link":"https:\/\/www.calesitatango.si\/en\/tango-vikend\/","title":{"rendered":"TERME DOBRNA"},"content":{"rendered":"<h2 style=\"text-align: center;\">Seminar &#8220;Kultura in glasba&#8221;<\/h2>\n<h2 style=\"text-align: center;\">Vikend v Termah Dobrna<\/h2>\n<h2 style=\"text-align: center;\">HOTEL \u0160VICARIJA\/VILA HIGIEA<\/h2>\n<h1 style=\"text-align: center;\">19. &#8211; 21. junij 2026<\/h1>\n<p><span style=\"color: #000000;\">V Dobrno se radi vra\u010damo, ker je mirna, tiha in zelena, v plesni dru\u017ebi pa dobi \u0161e dodatno vrednost. Kaj drugega si \u010dlovek lahko za\u017eeli za pravi oddih od vsakdanjega vrve\u017ea. Letos pa dodajmo \u0161e nekaj kvalitetnega izobra\u017eevanja na podro\u010dju muzikalnosti in kulture, kar bo dodalo globino va\u0161emu plesu.<\/span><\/p>\n<p><span style=\"color: #000000;\">Program:<\/span><br \/>\n<span style=\"color: #e57070;\"><strong>PETEK, 19.6.2026<\/strong><\/span><br \/>\n<span style=\"color: #000000;\">14:00 \u2013\u00a0 \u00a0 \u00a0 \u00a0 \u00a0 \u00a0 CHECK-IN<\/span><br \/>\n<span style=\"color: #000000;\">17:00 \u2013 18:00 DELAVNICA 1\u00a0 &#8211; Carlos Di Sarli, Osvaldo Fresedo, zna\u010dilnosti + primerna tango sekvenca<\/span><br \/>\n<span style=\"color: #000000;\">18:00 \u2013 19:00 DELAVNICA 2\u00a0 &#8211; Juan D&#8217;Arienzo, Rodolfo Biagi, zna\u010dilnosti + tango\/vals sekvenca<\/span><br \/>\n<span style=\"color: #000000;\">19:00 \u2013 20:00 VE\u010cERJA\u00a0<\/span><br \/>\n<span style=\"color: #000000;\">21:00 \u2013 24:00 MILONGA<\/span><br \/>\n<span style=\"color: #e57070;\"><strong>SOBOTA, 20.6.2026<\/strong><\/span><br \/>\n<span style=\"color: #000000;\">07:00 \u2013 10:00 ZAJTRK<\/span><br \/>\n<span style=\"color: #000000;\">10:00 \u2013 11:00 DELAVNICA 3 &#8211; Nasveti za ve\u010derno milongo in uporaba v praksi<\/span><br \/>\n<span style=\"color: #000000;\">11:05 \u2013 12:00\u00a0 DELAVNICA 4 &#8211; Anibal Troilo, Miguel Calo, zna\u010dilnosti + tango sekvenca<\/span><br \/>\n<span style=\"color: #000000;\">12:00 \u2013 16:00 PROSTO (bazeni, masa\u017ee, sprehod, po\u010ditek, etc&#8230;)<\/span><br \/>\n<span style=\"color: #000000;\">16:00 \u2013 17:00 DELAVNICA 5 &#8211; Edgardo Donato, Enrique Rodriguez, zna\u010dilnosti+ tango sekvenca<\/span><br \/>\n<span style=\"color: #000000;\">17:00 \u2013 18:00\u00a0 DELAVNICA 6 &#8211; Osvaldo Pugliese (dramati\u010dna glasba), zna\u010dilnosti + tango sekvenca<\/span><br \/>\n<span style=\"color: #000000;\">19:00\u2013 20:00\u00a0 VE\u010cERJA\u00a0<\/span><br \/>\n<span style=\"color: #000000;\">21:00 \u2013 01:00 MILONGA<\/span><br \/>\n<span style=\"color: #e57070;\"><strong>NEDELJA, 21.6.2026<\/strong><\/span><br \/>\n<span style=\"color: #000000;\">07:00 \u2013 10:00 ZAJTRK<\/span><br \/>\n<span style=\"color: #000000;\">CHECK-OUT iz hotela \u0160vicarija (do 11h), Vila Higiea (do 10h)<\/span><br \/>\n<span style=\"color: #000000;\">10:30 \u2013 11:30 DELAVNICA 7 &#8211; Francisco Canaro, zna\u010dilnosti + milonga sekvenca<\/span><br \/>\n<span style=\"color: #000000;\">11:30 \u2013 12:30 DELAVNICA 8 &#8211; Pregled in ponovitev vsebine<\/span><\/p>\n<h4><span style=\"color: #000000;\">HOTEL \u0160VICARIJA****<\/span><\/h4>\n<p><span style=\"color: #000000;\">Hotel \u0160vicarija je odli\u010dna izbira za vse, ki si \u017eelijo resni\u010dnega oddiha, saj se nahaja v neokrnjeni naravi v Zdravili\u0161kem parku in tako zagotavlja popoln odklop od mestnega vrve\u017ea in prijeten mir. Stavba, ki so jo zgradili \u017ee leta 1872, je kljub ve\u010d obnovam ohranila svoje prvotne zunanje arhitekturne zna\u010dilnosti vse do danes.<\/span><\/p>\n<p><span style=\"color: #000000;\">DVOPOSTELJNA SOBA KING: 18 \u2013 30 m<sup>2<\/sup>; velikost postelje: 180 x 200 cm<\/span><\/p>\n<p><span style=\"color: #000000;\">DVOPOSTELJNA SOBA QUEEN: 18 \u2013 31 m<sup>2<\/sup>; velikost postelje: 160 x 200 cm<\/span><\/p>\n<p><span style=\"color: #000000;\">ENOPOSTELJNA SOBA: 14 \u2013 15 m<sup>2<\/sup>; velikost postelje: 100 x 200 cm<\/span><\/p>\n<ul>\n<li><span style=\"color: #000000;\">Za sprostitev je na voljo Sauna s finsko in tur\u0161ko savno ter fitnes<\/span><\/li>\n<li><span style=\"color: #000000;\">V hotelu se nahaja restavracija s ponudbo samopostre\u017enega zajtrka in ve\u010derje ter kavarna \u0160vicarija<\/span><\/li>\n<li><span style=\"color: #000000;\">Dodatna ponudba bazenov in masa\u017e je gostom na voljo v Hotelu Vita.<\/span><\/li>\n<li><span style=\"color: #000000;\">Check-in: 14:00, Check out: 11:00 (recepcija hotela \u0160vicarije obratuje od 8:00 do 19:00)<\/span><\/li>\n<\/ul>\n<div class=\"soba_right_wrapper\">\n<div class=\"clearfix text-formatted field field-node--body field-formatter-text-default field-name-body field-type-text-with-summary field-label-hidden has-single\"><\/div>\n<\/div>\n<p><img loading=\"lazy\" decoding=\"async\" class=\"alignnone size-full wp-image-20664\" src=\"http:\/\/www.calesitatango.si\/wp-content\/uploads\/Hotel-Svicarija.jpg\" alt=\"\" width=\"2500\" height=\"1000\" srcset=\"https:\/\/www.calesitatango.si\/wp-content\/uploads\/Hotel-Svicarija.jpg 2500w, https:\/\/www.calesitatango.si\/wp-content\/uploads\/Hotel-Svicarija-300x120.jpg 300w, https:\/\/www.calesitatango.si\/wp-content\/uploads\/Hotel-Svicarija-2006x802.jpg 2006w, https:\/\/www.calesitatango.si\/wp-content\/uploads\/Hotel-Svicarija-150x60.jpg 150w, https:\/\/www.calesitatango.si\/wp-content\/uploads\/Hotel-Svicarija-768x307.jpg 768w, https:\/\/www.calesitatango.si\/wp-content\/uploads\/Hotel-Svicarija-1536x614.jpg 1536w, https:\/\/www.calesitatango.si\/wp-content\/uploads\/Hotel-Svicarija-2048x819.jpg 2048w, https:\/\/www.calesitatango.si\/wp-content\/uploads\/Hotel-Svicarija-1170x468.jpg 1170w\" sizes=\"auto, (max-width: 2500px) 100vw, 2500px\" \/><\/p>\n<p><span style=\"color: #000000;\">Ve\u010d slik<\/span>\u00a0\u00a0<a href=\"https:\/\/www.booking.com\/hotel\/si\/svicarija.sl.html?aid=318615&amp;label=New_Slovenian_SL_5226425785-623Tg_6DbdcKSkZBrj54hAS217247188773%3Apl%3Ata%3Ap1%3Ap2%3Aac%3Aap%3Aneg&amp;sid=457105fee3510f0c207548c7c5bc699b&amp;dest_id=-78611;dest_type=city;dist=0;group_adults=2;group_children=0;hapos=1;hpos=1;no_rooms=1;req_adults=2;req_children=0;room1=A%2CA;sb_price_type=total;sr_order=popularity;srepoch=1684270203;srpvid=2622927cde6800b5;type=total;ucfs=1&amp;#\"> na povezavi tukaj<\/a><\/p>\n<h4><span style=\"color: #000000;\">BOUTIQUE HOTEL DOBRNA****\u00a0 &#8211; TRENUTNO NI NA VOLJO<\/span><\/h4>\n<p><span style=\"color: #000000;\">V letu 2020 obnovljen buti\u010dni hotel, ki nudi udobje bivanja v trinajstih ekskluzivnih Superior, Deluxe in Premium sobah.<\/span><\/p>\n<p><span style=\"color: #000000;\">SUPERIOR SOBA: 17 m2\u2013 23 m2; velikost postelje: zakonsko le\u017ei\u0161\u010de 180&#215;200 cm ali 160&#215;200 cm; dvojno le\u017ei\u0161\u010de 90&#215;200 cm<\/span><\/p>\n<p><img loading=\"lazy\" decoding=\"async\" class=\"alignnone size-full wp-image-20836\" src=\"http:\/\/www.calesitatango.si\/wp-content\/uploads\/Boutique-hotel-Dobrna.jpg\" alt=\"\" width=\"1360\" height=\"907\" srcset=\"https:\/\/www.calesitatango.si\/wp-content\/uploads\/Boutique-hotel-Dobrna.jpg 1360w, https:\/\/www.calesitatango.si\/wp-content\/uploads\/Boutique-hotel-Dobrna-300x200.jpg 300w, https:\/\/www.calesitatango.si\/wp-content\/uploads\/Boutique-hotel-Dobrna-150x100.jpg 150w, https:\/\/www.calesitatango.si\/wp-content\/uploads\/Boutique-hotel-Dobrna-768x512.jpg 768w, https:\/\/www.calesitatango.si\/wp-content\/uploads\/Boutique-hotel-Dobrna-260x174.jpg 260w, https:\/\/www.calesitatango.si\/wp-content\/uploads\/Boutique-hotel-Dobrna-408x272.jpg 408w, https:\/\/www.calesitatango.si\/wp-content\/uploads\/Boutique-hotel-Dobrna-840x560.jpg 840w, https:\/\/www.calesitatango.si\/wp-content\/uploads\/Boutique-hotel-Dobrna-1170x780.jpg 1170w\" sizes=\"auto, (max-width: 1360px) 100vw, 1360px\" \/><\/p>\n<p><img loading=\"lazy\" decoding=\"async\" class=\"alignnone size-full wp-image-20837\" src=\"http:\/\/www.calesitatango.si\/wp-content\/uploads\/BOUTIQUE-HOTEL-DOBRNA-ZUNANJOST.jpg\" alt=\"\" width=\"500\" height=\"500\" srcset=\"https:\/\/www.calesitatango.si\/wp-content\/uploads\/BOUTIQUE-HOTEL-DOBRNA-ZUNANJOST.jpg 500w, https:\/\/www.calesitatango.si\/wp-content\/uploads\/BOUTIQUE-HOTEL-DOBRNA-ZUNANJOST-150x150.jpg 150w, https:\/\/www.calesitatango.si\/wp-content\/uploads\/BOUTIQUE-HOTEL-DOBRNA-ZUNANJOST-100x100.jpg 100w, https:\/\/www.calesitatango.si\/wp-content\/uploads\/BOUTIQUE-HOTEL-DOBRNA-ZUNANJOST-300x300.jpg 300w, https:\/\/www.calesitatango.si\/wp-content\/uploads\/BOUTIQUE-HOTEL-DOBRNA-ZUNANJOST-480x480.jpg 480w, https:\/\/www.calesitatango.si\/wp-content\/uploads\/BOUTIQUE-HOTEL-DOBRNA-ZUNANJOST-52x52.jpg 52w, https:\/\/www.calesitatango.si\/wp-content\/uploads\/BOUTIQUE-HOTEL-DOBRNA-ZUNANJOST-128x128.jpg 128w, https:\/\/www.calesitatango.si\/wp-content\/uploads\/BOUTIQUE-HOTEL-DOBRNA-ZUNANJOST-342x342.jpg 342w\" sizes=\"auto, (max-width: 500px) 100vw, 500px\" \/><\/p>\n<ul>\n<li><span style=\"color: #000000;\">Za goste Boutique Hotel Dobrna je na voljo zajtrkovalnica Boutique bar. Mo\u017enost postre\u017ebe zajtrka v sobo.<\/span><\/li>\n<li><span style=\"color: #000000;\">Wellness z bazeni in savnami ter medicinski center se nahaja v bli\u017enjem Hotelu Vita. Za popolno sprostitev in razvajanje obi\u0161\u010dite\u00a0masa\u017eno &#8211; lepotni center\u00a0<a style=\"color: #000000;\" href=\"https:\/\/www.terme-dobrna.si\/wellness\/masazno-lepotni-center\">La Vita<\/a> v Hotelu Vita.<\/span><\/li>\n<li><span style=\"color: #000000;\">Samopostre\u017eno kosilo\/ve\u010derja sta gostom na voljo\u00a0v Restavraciji Vita v hotelu Vita.<\/span><\/li>\n<li><span style=\"color: #000000;\">Check-in: 14.00; Check out: 11.00 (recepcija hotela \u0160vicarija).<\/span><\/li>\n<\/ul>\n<h4><span style=\"color: #000000;\">DEPANDANSA VILA HIGIEA DOBRNA****<\/span><\/h4>\n<p><img loading=\"lazy\" decoding=\"async\" class=\"alignnone size-full wp-image-20854\" src=\"http:\/\/www.calesitatango.si\/wp-content\/uploads\/TERASA-DOBRNA.jpg\" alt=\"\" width=\"500\" height=\"500\" srcset=\"https:\/\/www.calesitatango.si\/wp-content\/uploads\/TERASA-DOBRNA.jpg 500w, https:\/\/www.calesitatango.si\/wp-content\/uploads\/TERASA-DOBRNA-150x150.jpg 150w, https:\/\/www.calesitatango.si\/wp-content\/uploads\/TERASA-DOBRNA-100x100.jpg 100w, https:\/\/www.calesitatango.si\/wp-content\/uploads\/TERASA-DOBRNA-300x300.jpg 300w, https:\/\/www.calesitatango.si\/wp-content\/uploads\/TERASA-DOBRNA-480x480.jpg 480w, https:\/\/www.calesitatango.si\/wp-content\/uploads\/TERASA-DOBRNA-52x52.jpg 52w, https:\/\/www.calesitatango.si\/wp-content\/uploads\/TERASA-DOBRNA-128x128.jpg 128w, https:\/\/www.calesitatango.si\/wp-content\/uploads\/TERASA-DOBRNA-342x342.jpg 342w\" sizes=\"auto, (max-width: 500px) 100vw, 500px\" \/> <img loading=\"lazy\" decoding=\"async\" class=\"alignnone size-full wp-image-20855\" src=\"http:\/\/www.calesitatango.si\/wp-content\/uploads\/vILA-HIGIEA-SOBA.jpg\" alt=\"\" width=\"1120\" height=\"900\" srcset=\"https:\/\/www.calesitatango.si\/wp-content\/uploads\/vILA-HIGIEA-SOBA.jpg 1120w, https:\/\/www.calesitatango.si\/wp-content\/uploads\/vILA-HIGIEA-SOBA-300x241.jpg 300w, https:\/\/www.calesitatango.si\/wp-content\/uploads\/vILA-HIGIEA-SOBA-150x121.jpg 150w, https:\/\/www.calesitatango.si\/wp-content\/uploads\/vILA-HIGIEA-SOBA-768x617.jpg 768w\" sizes=\"auto, (max-width: 1120px) 100vw, 1120px\" \/> <img loading=\"lazy\" decoding=\"async\" class=\"alignnone size-full wp-image-20856\" src=\"http:\/\/www.calesitatango.si\/wp-content\/uploads\/VILA-HIGIEA.jpg\" alt=\"\" width=\"1280\" height=\"720\" srcset=\"https:\/\/www.calesitatango.si\/wp-content\/uploads\/VILA-HIGIEA.jpg 1280w, https:\/\/www.calesitatango.si\/wp-content\/uploads\/VILA-HIGIEA-300x169.jpg 300w, https:\/\/www.calesitatango.si\/wp-content\/uploads\/VILA-HIGIEA-150x84.jpg 150w, https:\/\/www.calesitatango.si\/wp-content\/uploads\/VILA-HIGIEA-768x432.jpg 768w, https:\/\/www.calesitatango.si\/wp-content\/uploads\/VILA-HIGIEA-1170x658.jpg 1170w\" sizes=\"auto, (max-width: 1280px) 100vw, 1280px\" \/><\/p>\n<p><span style=\"color: #000000;\">Vila Higiea je bila v letu 2020 v celoti obnovljena in poleg moderno opremljenih hotelskih sob ponuja tudi prijetno zunanjo teraso.<\/span><br \/>\n<span style=\"color: #000000;\">DVOPOSTELJNA SOBA: 17 m2 \u2013 28 m2; velikost postelje: 90 x 200 cm (2x)<\/span><br \/>\n<span style=\"color: #000000;\">ENOPOSTELJNA SOBA: 13 m2 \u2013 16,5 m2; velikost postelje: 140 x 190 cm, 140 x 200 cm<\/span><\/p>\n<ul>\n<li><span style=\"color: #000000;\">Zajtrk, kosilo in\/ali ve\u010derja za goste Hotela Vila Higiea so v restavraciji Hotela Vita (oddaljenost 50 m).<\/span><\/li>\n<li><span style=\"color: #000000;\">Glavna recepcija, restavracija, wellness z bazeni, savnami in ponudbo masa\u017e ter lepotnih tretmajev, kot tudi\u00a0medicinski center se nahajajo v Hotelu Vita (oddaljenost 50 m).<\/span><\/li>\n<li><span style=\"color: #000000;\">Check-in: 13.00, Check out: 10.00 (recepcija Hotel Vita).<\/span><\/li>\n<\/ul>\n<p><span style=\"color: #000000;\"><strong>Zdravili\u0161ki park<\/strong><\/span><\/p>\n<p><img loading=\"lazy\" decoding=\"async\" class=\"alignnone size-full wp-image-20616\" src=\"http:\/\/www.calesitatango.si\/wp-content\/uploads\/zdraviliski-park.jpg\" alt=\"\" width=\"2048\" height=\"1150\" srcset=\"https:\/\/www.calesitatango.si\/wp-content\/uploads\/zdraviliski-park.jpg 2048w, https:\/\/www.calesitatango.si\/wp-content\/uploads\/zdraviliski-park-300x168.jpg 300w, https:\/\/www.calesitatango.si\/wp-content\/uploads\/zdraviliski-park-2006x1126.jpg 2006w, https:\/\/www.calesitatango.si\/wp-content\/uploads\/zdraviliski-park-150x84.jpg 150w, https:\/\/www.calesitatango.si\/wp-content\/uploads\/zdraviliski-park-768x431.jpg 768w, https:\/\/www.calesitatango.si\/wp-content\/uploads\/zdraviliski-park-1536x863.jpg 1536w, https:\/\/www.calesitatango.si\/wp-content\/uploads\/zdraviliski-park-1170x657.jpg 1170w\" sizes=\"auto, (max-width: 2048px) 100vw, 2048px\" \/><\/p>\n<h2>CENIK:<\/h2>\n<h4><span style=\"color: #000000;\">HOTEL \u0160VICARIJA****: 258\u20ac<\/span><\/h4>\n<h4><span style=\"color: #000000;\">DEPANDANSA VILA HIGIEA**** : 242\u20ac<\/span><\/h4>\n<p><span style=\"color: #000000;\">Cena vklju\u010duje:<\/span><\/p>\n<ul>\n<li><span style=\"color: #000000;\">2x no\u010ditev**** <\/span><\/li>\n<li><span style=\"color: #000000;\">2x zajtrk <\/span><\/li>\n<li><span style=\"color: #000000;\">2x ve\u010derjo<\/span><\/li>\n<li><span style=\"color: #000000;\">vstop v savna Spa za goste hotela \u0160vicarija in Boutique hotela Dobrna<\/span><\/li>\n<li><span style=\"color: #000000;\">vstop v termalne bazene v hotelu Vita<\/span><\/li>\n<li><span style=\"color: #000000;\">uporabo kopalnega pla\u0161\u010da<\/span><\/li>\n<li><span style=\"color: #000000;\">brezpla\u010dno parkiranje pred hotelom<\/span><\/li>\n<li><span style=\"color: #000000;\">vse tango te\u010daje in milonge po programu<\/span><\/li>\n<\/ul>\n<p><strong><span style=\"color: #333333;\">Obvezno dopla\u010dilo:<\/span><\/strong><br \/>\n<span style=\"color: #000000;\">&#8211; enkratna prijavnina 2,50 EUR<\/span><br \/>\n<span style=\"color: #000000;\">&#8211; turisti\u010dna taksa 2,50 EUR\/dan<\/span><\/p>\n<p><strong><span style=\"color: #000000;\">Neobvezna dopla\u010dila: <\/span><\/strong><br \/>\n<span style=\"color: #000000;\">&#8211; polni penzion 15,00 EUR\/dan<\/span><br \/>\n<span style=\"color: #000000;\">&#8211; enoposteljna soba (hotel \u0160vicarija) BREZPLA\u010cNO<\/span><br \/>\n<span style=\"color: #000000;\">&#8211; enoposteljna soba (Vila Higiea) 15,00 EUR\/dan<\/span><\/p>\n<p><span style=\"color: #000000;\"><strong>Pogoji odpovedi:<\/strong><\/span><\/p>\n<p><span style=\"color: #000000;\">Ob prijavi na dogodek pla\u010date 100 eur, preostanek pa na hotelski recepciji ob prihodu oz ob odjavi iz hotela. V primeru odpovedi velja: rezervacija v vi\u0161ini 100 eur je vra\u010dljiva v primeru odpovedi <strong>najkasneje do 7.5.2026<\/strong>. Za tem datumom (7.5.2025) rezervacija <strong>ni vra\u010dljiva.<\/strong> Preostanek pla\u010dila pa se v primeru odpovedi iz opravi\u010dljivih zdravstvenih razlogov ali vi\u0161je sile <strong>do 48 ur<\/strong> pred dogodkom ne zara\u010duna.<strong> V <\/strong><\/span><strong><span style=\"color: #000000;\">kolikor je odpoved kraj\u0161a od 48 ur ste hotelu dol\u017eni pla\u010dati polno ceno tango paketa.<\/span><\/strong><\/p>\n<p><span style=\"color: #000000;\">Celoten program poteka v \u010dudoviti <strong>Zdravili\u0161ki dvorani<\/strong> (spodaj na sliki).<\/span><\/p>\n<p><img loading=\"lazy\" decoding=\"async\" class=\"alignnone size-full wp-image-20617\" src=\"http:\/\/www.calesitatango.si\/wp-content\/uploads\/Dvorana-Terme-Dobrna.jpg\" alt=\"\" width=\"960\" height=\"720\" srcset=\"https:\/\/www.calesitatango.si\/wp-content\/uploads\/Dvorana-Terme-Dobrna.jpg 960w, https:\/\/www.calesitatango.si\/wp-content\/uploads\/Dvorana-Terme-Dobrna-300x225.jpg 300w, https:\/\/www.calesitatango.si\/wp-content\/uploads\/Dvorana-Terme-Dobrna-150x113.jpg 150w, https:\/\/www.calesitatango.si\/wp-content\/uploads\/Dvorana-Terme-Dobrna-768x576.jpg 768w\" sizes=\"auto, (max-width: 960px) 100vw, 960px\" \/><\/p>\n<p><span style=\"color: #e57070;\"><b>PRIJAVA:<\/b><\/span><\/p>\n\n<div class=\"wpcf7 no-js\" id=\"wpcf7-f19844-o1\" lang=\"en-US\" dir=\"ltr\" data-wpcf7-id=\"19844\">\n<div class=\"screen-reader-response\"><p role=\"status\" aria-live=\"polite\" aria-atomic=\"true\"><\/p> <ul><\/ul><\/div>\n<form action=\"\/en\/wp-json\/wp\/v2\/pages\/19818#wpcf7-f19844-o1\" method=\"post\" class=\"wpcf7-form init\" aria-label=\"Contact form\" novalidate=\"novalidate\" data-status=\"init\">\n<fieldset class=\"hidden-fields-container\"><input type=\"hidden\" name=\"_wpcf7\" value=\"19844\" \/><input type=\"hidden\" name=\"_wpcf7_version\" value=\"6.1.5\" \/><input type=\"hidden\" name=\"_wpcf7_locale\" value=\"en_US\" \/><input type=\"hidden\" name=\"_wpcf7_unit_tag\" value=\"wpcf7-f19844-o1\" \/><input type=\"hidden\" name=\"_wpcf7_container_post\" value=\"0\" \/><input type=\"hidden\" name=\"_wpcf7_posted_data_hash\" value=\"\" \/><input type=\"hidden\" name=\"_wpcf7_recaptcha_response\" value=\"\" \/>\n<\/fieldset>\n<p><label> Ime in Priimek<br \/>\n<span class=\"wpcf7-form-control-wrap\" data-name=\"your-name\"><input size=\"40\" maxlength=\"400\" class=\"wpcf7-form-control wpcf7-text wpcf7-validates-as-required\" aria-required=\"true\" aria-invalid=\"false\" value=\"\" type=\"text\" name=\"your-name\" \/><\/span> <\/label>\n<\/p>\n<p><label> Email<br \/>\n<span class=\"wpcf7-form-control-wrap\" data-name=\"your-email\"><input size=\"40\" maxlength=\"400\" class=\"wpcf7-form-control wpcf7-email wpcf7-validates-as-required wpcf7-text wpcf7-validates-as-email\" aria-required=\"true\" aria-invalid=\"false\" value=\"\" type=\"email\" name=\"your-email\" \/><\/span> <\/label>\n<\/p>\n<p><label> Telefon<br \/>\n<span class=\"wpcf7-form-control-wrap\" data-name=\"Telefon\"><input size=\"40\" maxlength=\"400\" class=\"wpcf7-form-control wpcf7-text wpcf7-validates-as-required\" aria-required=\"true\" aria-invalid=\"false\" value=\"\" type=\"text\" name=\"Telefon\" \/><\/span><br \/>\n<\/label><label> Dodatno sporo\u010dilo<br \/>\n<span class=\"wpcf7-form-control-wrap\" data-name=\"your-message\"><textarea cols=\"40\" rows=\"10\" maxlength=\"2000\" class=\"wpcf7-form-control wpcf7-textarea\" aria-invalid=\"false\" name=\"your-message\"><\/textarea><\/span> <\/label>\n<\/p>\n<p><input class=\"wpcf7-form-control wpcf7-submit has-spinner\" type=\"submit\" value=\"PRIJAVA\" \/>\n<\/p><p style=\"display: none !important;\" class=\"akismet-fields-container\" data-prefix=\"_wpcf7_ak_\"><label>&#916;<textarea name=\"_wpcf7_ak_hp_textarea\" cols=\"45\" rows=\"8\" maxlength=\"100\"><\/textarea><\/label><input type=\"hidden\" id=\"ak_js_1\" name=\"_wpcf7_ak_js\" value=\"196\"\/><script type=\"text\/javascript\">\n\/* <![CDATA[ *\/\ndocument.getElementById( \"ak_js_1\" ).setAttribute( \"value\", ( new Date() ).getTime() );\n\/* ]]> *\/\n<\/script>\n<\/p><div class=\"wpcf7-response-output\" aria-hidden=\"true\"><\/div>\n<\/form>\n<\/div>\n\n<p>&nbsp;<\/p>\n","protected":false},"excerpt":{"rendered":"<p>Seminar &#8220;Kultura in glasba&#8221; Vikend v Termah Dobrna HOTEL \u0160VICARIJA\/VILA HIGIEA 19. &#8211; 21. junij 2026 V Dobrno se radi vra\u010damo, ker je mirna, tiha in zelena, v plesni dru\u017ebi pa dobi \u0161e dodatno vrednost. Kaj drugega si \u010dlovek lahko za\u017eeli za pravi oddih od vsakdanjega vrve\u017ea. Letos pa dodajmo \u0161e nekaj kvalitetnega izobra\u017eevanja na&#8230;<\/p>","protected":false},"author":1,"featured_media":0,"parent":0,"menu_order":0,"comment_status":"closed","ping_status":"closed","template":"templ-page-with-header.php","meta":{"_monsterinsights_skip_tracking":false,"_monsterinsights_sitenote_active":false,"_monsterinsights_sitenote_note":"","_monsterinsights_sitenote_category":0,"footnotes":""},"class_list":["post-19818","page","type-page","status-publish","hentry"],"jetpack_sharing_enabled":true,"_links":{"self":[{"href":"https:\/\/www.calesitatango.si\/en\/wp-json\/wp\/v2\/pages\/19818","targetHints":{"allow":["GET"]}}],"collection":[{"href":"https:\/\/www.calesitatango.si\/en\/wp-json\/wp\/v2\/pages"}],"about":[{"href":"https:\/\/www.calesitatango.si\/en\/wp-json\/wp\/v2\/types\/page"}],"author":[{"embeddable":true,"href":"https:\/\/www.calesitatango.si\/en\/wp-json\/wp\/v2\/users\/1"}],"replies":[{"embeddable":true,"href":"https:\/\/www.calesitatango.si\/en\/wp-json\/wp\/v2\/comments?post=19818"}],"version-history":[{"count":139,"href":"https:\/\/www.calesitatango.si\/en\/wp-json\/wp\/v2\/pages\/19818\/revisions"}],"predecessor-version":[{"id":21140,"href":"https:\/\/www.calesitatango.si\/en\/wp-json\/wp\/v2\/pages\/19818\/revisions\/21140"}],"wp:attachment":[{"href":"https:\/\/www.calesitatango.si\/en\/wp-json\/wp\/v2\/media?parent=19818"}],"curies":[{"name":"wp","href":"https:\/\/api.w.org\/{rel}","templated":true}]}}