{"id":19745,"date":"2020-06-29T20:03:54","date_gmt":"2020-06-29T18:03:54","guid":{"rendered":"http:\/\/www.calesitatango.si\/?page_id=19745"},"modified":"2025-08-18T12:09:51","modified_gmt":"2025-08-18T10:09:51","slug":"cenik","status":"publish","type":"page","link":"https:\/\/www.calesitatango.si\/en\/cenik\/","title":{"rendered":"CENIK"},"content":{"rendered":"<p><span style=\"color: #000000;\"><strong>CENIK na osebo:<\/strong><\/span><\/p>\n<p><span style=\"color: #000000;\">1 ura (60 minut) = 10 \u20ac<\/span><br \/>\n<span style=\"color: #000000;\">Paket 5 ur = 45 \u20ac (cena 1 ure je 9\u20ac)<\/span><br \/>\n<span style=\"color: #000000;\">Paket 10 ur = 80 \u20ac (cena 1 ure je 8\u20ac)<\/span><br \/>\n<span style=\"color: #000000;\">Paket 15 ur = 105 \u20ac (cena 1 ure je 7\u20ac)<\/span><\/p>\n<p><strong><span style=\"color: #000000;\">Ure lahko koristite za za\u010detni in redni tango te\u010daj ob torkih, petkih in nedeljah.<\/span><\/strong><\/p>\n<p><span style=\"color: #000000;\">Paketi ur veljajo na osebo in niso prenosljivi (par torej ne more koristiti ure iz istega paketa).<\/span><\/p>\n<p><strong><span style=\"color: #000000;\">Veljavnost vseh paketov: 12 mesecev.<\/span><\/strong><\/p>\n<p><span style=\"color: #ff0000;\"><strong><u>Za neizkori\u0161\u010dene ure kupljenega paketa ni mo\u017eno povra\u010dilo v denarju.<\/u><\/strong><\/span><\/p>","protected":false},"excerpt":{"rendered":"<p>CENIK na osebo: 1 ura (60 minut) = 10 \u20ac Paket 5 ur = 45 \u20ac (cena 1 ure je 9\u20ac) Paket 10 ur = 80 \u20ac (cena 1 ure je 8\u20ac) Paket 15 ur = 105 \u20ac (cena 1 ure je 7\u20ac) Ure lahko koristite za za\u010detni in redni tango te\u010daj ob torkih, petkih&#8230;<\/p>","protected":false},"author":1,"featured_media":0,"parent":0,"menu_order":0,"comment_status":"closed","ping_status":"closed","template":"","meta":{"_monsterinsights_skip_tracking":false,"_monsterinsights_sitenote_active":false,"_monsterinsights_sitenote_note":"","_monsterinsights_sitenote_category":0,"footnotes":""},"class_list":["post-19745","page","type-page","status-publish","hentry"],"jetpack_sharing_enabled":true,"_links":{"self":[{"href":"https:\/\/www.calesitatango.si\/en\/wp-json\/wp\/v2\/pages\/19745","targetHints":{"allow":["GET"]}}],"collection":[{"href":"https:\/\/www.calesitatango.si\/en\/wp-json\/wp\/v2\/pages"}],"about":[{"href":"https:\/\/www.calesitatango.si\/en\/wp-json\/wp\/v2\/types\/page"}],"author":[{"embeddable":true,"href":"https:\/\/www.calesitatango.si\/en\/wp-json\/wp\/v2\/users\/1"}],"replies":[{"embeddable":true,"href":"https:\/\/www.calesitatango.si\/en\/wp-json\/wp\/v2\/comments?post=19745"}],"version-history":[{"count":16,"href":"https:\/\/www.calesitatango.si\/en\/wp-json\/wp\/v2\/pages\/19745\/revisions"}],"predecessor-version":[{"id":20971,"href":"https:\/\/www.calesitatango.si\/en\/wp-json\/wp\/v2\/pages\/19745\/revisions\/20971"}],"wp:attachment":[{"href":"https:\/\/www.calesitatango.si\/en\/wp-json\/wp\/v2\/media?parent=19745"}],"curies":[{"name":"wp","href":"https:\/\/api.w.org\/{rel}","templated":true}]}}