{"id":19639,"date":"2020-06-29T18:24:52","date_gmt":"2020-06-29T16:24:52","guid":{"rendered":"http:\/\/www.calesitatango.si\/?page_id=19639"},"modified":"2026-03-17T09:50:21","modified_gmt":"2026-03-17T07:50:21","slug":"workshop","status":"publish","type":"page","link":"https:\/\/www.calesitatango.si\/en\/workshop\/","title":{"rendered":"WORKSHOP PARADA, BARRIDA, LAPIZ"},"content":{"rendered":"<h2 style=\"text-align: left;\"><span style=\"color: #e57070;\"><b>PARADA, BARRIDA, LAPIZ<\/b><\/span><\/h2>\n<h2 style=\"text-align: left;\"><b style=\"color: #000000;\">SOBOTA, 18.4.2026, 17:00 &#8211; 20:00<\/b><\/h2>\n<p class=\"isSelectedEnd\"><span style=\"color: #000000;\">Na novi 3-urni tematski delavnici se bomo poglobili v tri \u010dudovite elemente argentinskega tanga:<\/span><\/p>\n<p><span style=\"color: #000000;\">\u2728 <strong>Parada<\/strong> \u2013 eleganten trenutek ustavitve, kjer ustvarimo prostor za igro in interpretacijo glasbe. Ta pavza omogo\u010da razli\u010dne okraske, spremembe smeri ali nadaljevanje v novo kombinacijo.<\/span><br \/>\n<span style=\"color: #000000;\">\u2728 <strong>Barrida<\/strong> \u2013 mehko \u201cpometanje\u201d stopala partnerja, ki ustvari ob\u010dutek igrivosti in teko\u010dega gibanja po plesi\u0161\u010du in lepo povezuje korake.<\/span><br \/>\n<span style=\"color: #000000;\">\u2728 <strong>Lapiz<\/strong> \u2013 kro\u017eni okras z nogo, ki doda eleganco in stil tvojemu tangu.<\/span><\/p>\n<p><span style=\"color: #000000;\">Kombinacija teh treh elementov je zelo uporabna na milongah, saj omogo\u010da ve\u010d <strong>igrivosti v paru, <\/strong>lep\u0161e <strong>poudarjanje glasbe <\/strong>in elegantne trenutke <strong>pavze in dinamike.<\/strong><\/span><\/p>\n<p><span style=\"color: #000000;\">Na te\u010daju bomo:<\/span><br \/>\n<span style=\"color: #000000;\">\u2714 razlo\u017eili <strong>pravilno tehniko<\/strong> in vodenje<\/span><br \/>\n<span style=\"color: #000000;\">\u2714 delali na pravilnem <strong>tajmingu<\/strong><\/span><br \/>\n<span style=\"color: #000000;\">\u2714 vadili povezovanje elementov v kratke plesne <strong>sekvence<\/strong><\/span><br \/>\n<span style=\"color: #000000;\">\u2714 razvijali <strong>muzikalnost<\/strong> in <strong>eleganco giba<\/strong><\/span><br \/>\n<span style=\"color: #000000;\">\u2714 pokazali kako elemente varno uporabljati na<strong> polnem plesi\u0161\u010du<\/strong><\/span><br \/>\n<span style=\"color: #000000;\">\u2714 veliko pozornosti bomo namenili tudi <strong>ravnote\u017eju<\/strong>,\u00a0da bodo elementi delovali naravno in teko\u010de.<\/span><\/p>\n<p><span style=\"color: #000000;\">Te\u010daj je primeren za plesalce, ki \u017ee poznajo tango hojo, kros in enostavne obrate ter \u017eelijo svoj tango nadgraditi z omenjenimi elementi.<\/span><\/p>\n<p style=\"text-align: left;\"><span style=\"color: #000000;\">V tej 3-urni intenzivni delavnici bomo torej obdelali najbolj tipi\u010dne parade, raz\u0161irili svoje opcije za vodenje barrid in ples olep\u0161ali z lapizom.<strong> Vabljeni vsi, ki bi vam je omenjena tematika v\u0161e\u010d in bi radi svoj tango dvignili na vi\u0161jo raven.<\/strong><\/span><\/p>\n<p><span style=\"color: #000000;\">Prijava je mogo\u010da v paru ali solo. V slednjem primeru vas obvestimo, \u010de imamo prostega plesalca\/plesalko za vas.<\/span><\/p>\n<p><span style=\"color: #000000;\">Cena: 30 eur na osebo<\/span><\/p>\n<h2 style=\"text-align: center;\"><strong><span style=\"color: #e57070;\">PRIJAVA<\/span><\/strong><\/h2>\n<h2 style=\"text-align: center;\"><\/h2>\n\n<div class=\"wpcf7 no-js\" id=\"wpcf7-f17907-o1\" lang=\"en-US\" dir=\"ltr\" data-wpcf7-id=\"17907\">\n<div class=\"screen-reader-response\"><p role=\"status\" aria-live=\"polite\" aria-atomic=\"true\"><\/p> <ul><\/ul><\/div>\n<form action=\"\/en\/wp-json\/wp\/v2\/pages\/19639#wpcf7-f17907-o1\" method=\"post\" class=\"wpcf7-form init\" aria-label=\"Contact form\" novalidate=\"novalidate\" data-status=\"init\" data-trp-original-action=\"\/en\/wp-json\/wp\/v2\/pages\/19639#wpcf7-f17907-o1\">\n<fieldset class=\"hidden-fields-container\"><input type=\"hidden\" name=\"_wpcf7\" value=\"17907\" \/><input type=\"hidden\" name=\"_wpcf7_version\" value=\"6.1.5\" \/><input type=\"hidden\" name=\"_wpcf7_locale\" value=\"en_US\" \/><input type=\"hidden\" name=\"_wpcf7_unit_tag\" value=\"wpcf7-f17907-o1\" \/><input type=\"hidden\" name=\"_wpcf7_container_post\" value=\"0\" \/><input type=\"hidden\" name=\"_wpcf7_posted_data_hash\" value=\"\" \/><input type=\"hidden\" name=\"_wpcf7_recaptcha_response\" value=\"\" \/>\n<\/fieldset>\n<p><label> Ime in Priimek:<br \/>\n<span class=\"wpcf7-form-control-wrap\" data-name=\"your-name\"><input size=\"40\" maxlength=\"400\" class=\"wpcf7-form-control wpcf7-text wpcf7-validates-as-required\" aria-required=\"true\" aria-invalid=\"false\" value=\"\" type=\"text\" name=\"your-name\" \/><\/span> <\/label>\n<\/p>\n<p><label> Email:<br \/>\n<span class=\"wpcf7-form-control-wrap\" data-name=\"your-email\"><input size=\"40\" maxlength=\"400\" class=\"wpcf7-form-control wpcf7-email wpcf7-validates-as-required wpcf7-text wpcf7-validates-as-email\" aria-required=\"true\" aria-invalid=\"false\" value=\"\" type=\"email\" name=\"your-email\" \/><\/span> <\/label>\n<\/p>\n<p><label> Telefon:<br \/>\n<span class=\"wpcf7-form-control-wrap\" data-name=\"Telefon\"><input size=\"40\" maxlength=\"400\" class=\"wpcf7-form-control wpcf7-text wpcf7-validates-as-required\" aria-required=\"true\" aria-invalid=\"false\" value=\"\" type=\"text\" name=\"Telefon\" \/><\/span><br \/>\nOzna\u010dite \u017eeljeni na\u010din pla\u010dila delavnice:<br \/>\n<span class=\"wpcf7-form-control-wrap\" data-name=\"menu-759\"><select class=\"wpcf7-form-control wpcf7-select wpcf7-validates-as-required\" aria-required=\"true\" aria-invalid=\"false\" name=\"menu-759\"><option value=\"v gotovini pred delavnico\">v gotovini pred delavnico<\/option><option value=\"preko nakazila (TRR)\">preko nakazila (TRR)<\/option><\/select><\/span><br \/>\nIme in priimek plesnega partnerja (v kolikor ga nimate, to vpi\u0161ite):<br \/>\n<span class=\"wpcf7-form-control-wrap\" data-name=\"your-name1\"><input size=\"40\" maxlength=\"400\" class=\"wpcf7-form-control wpcf7-text wpcf7-validates-as-required\" aria-required=\"true\" aria-invalid=\"false\" value=\"\" type=\"text\" name=\"your-name1\" \/><\/span> <\/label>\n<\/p>\n<p><input class=\"wpcf7-form-control wpcf7-submit has-spinner\" type=\"submit\" value=\"PO\u0160LJI PRIJAVO\" \/>\n<\/p><p style=\"display: none !important;\" class=\"akismet-fields-container\" data-prefix=\"_wpcf7_ak_\"><label>&#916;<textarea name=\"_wpcf7_ak_hp_textarea\" cols=\"45\" rows=\"8\" maxlength=\"100\"><\/textarea><\/label><input type=\"hidden\" id=\"ak_js_1\" name=\"_wpcf7_ak_js\" value=\"124\"\/><script>document.getElementById( \"ak_js_1\" ).setAttribute( \"value\", ( new Date() ).getTime() );<\/script><\/p><div class=\"wpcf7-response-output\" aria-hidden=\"true\"><\/div>\n<input type=\"hidden\" name=\"trp-form-language\" value=\"en\"\/><\/form>\n<\/div>","protected":false},"excerpt":{"rendered":"<p>PARADA, BARRIDA, LAPIZ SOBOTA, 18.4.2026, 17:00 &#8211; 20:00 Na novi 3-urni tematski delavnici se bomo poglobili v tri \u010dudovite elemente argentinskega tanga: \u2728 Parada \u2013 eleganten trenutek ustavitve, kjer ustvarimo prostor za igro in interpretacijo glasbe. Ta pavza omogo\u010da razli\u010dne okraske, spremembe smeri ali nadaljevanje v novo kombinacijo. \u2728 Barrida \u2013 mehko \u201cpometanje\u201d stopala partnerja,&#8230;<\/p>","protected":false},"author":1,"featured_media":0,"parent":0,"menu_order":0,"comment_status":"closed","ping_status":"closed","template":"templ-page-with-header.php","meta":{"_monsterinsights_skip_tracking":false,"_monsterinsights_sitenote_active":false,"_monsterinsights_sitenote_note":"","_monsterinsights_sitenote_category":0,"footnotes":""},"class_list":["post-19639","page","type-page","status-publish","hentry"],"jetpack_sharing_enabled":true,"_links":{"self":[{"href":"https:\/\/www.calesitatango.si\/en\/wp-json\/wp\/v2\/pages\/19639","targetHints":{"allow":["GET"]}}],"collection":[{"href":"https:\/\/www.calesitatango.si\/en\/wp-json\/wp\/v2\/pages"}],"about":[{"href":"https:\/\/www.calesitatango.si\/en\/wp-json\/wp\/v2\/types\/page"}],"author":[{"embeddable":true,"href":"https:\/\/www.calesitatango.si\/en\/wp-json\/wp\/v2\/users\/1"}],"replies":[{"embeddable":true,"href":"https:\/\/www.calesitatango.si\/en\/wp-json\/wp\/v2\/comments?post=19639"}],"version-history":[{"count":134,"href":"https:\/\/www.calesitatango.si\/en\/wp-json\/wp\/v2\/pages\/19639\/revisions"}],"predecessor-version":[{"id":21161,"href":"https:\/\/www.calesitatango.si\/en\/wp-json\/wp\/v2\/pages\/19639\/revisions\/21161"}],"wp:attachment":[{"href":"https:\/\/www.calesitatango.si\/en\/wp-json\/wp\/v2\/media?parent=19639"}],"curies":[{"name":"wp","href":"https:\/\/api.w.org\/{rel}","templated":true}]}}