{"id":18465,"date":"2017-09-25T20:33:32","date_gmt":"2017-09-25T18:33:32","guid":{"rendered":"http:\/\/www.calesitatango.si\/?page_id=18465"},"modified":"2026-01-19T12:02:00","modified_gmt":"2026-01-19T10:02:00","slug":"plesni-tecaj-za-poroko","status":"publish","type":"page","link":"https:\/\/www.calesitatango.si\/en\/plesni-tecaj-za-poroko\/","title":{"rendered":"PLESNI TE\u010cAJ ZA POROKO"},"content":{"rendered":"<h2 style=\"text-align: center;\"><strong>Navdu\u0161ite sebe in va\u0161e svate z argentinskim tangom<\/strong><\/h2>\n<p>Pripravita vajinim svatom\u00a0<strong>posebno presene\u010denje <\/strong>in na poroki zaple\u0161ita<strong> <a href=\"http:\/\/www.calesitatango.si\/en\/maestri-argentinskega-tanga\/\">argentinski tango<\/a><\/strong>. V \u0161oli argentinskega tanga Calesita vam pripravimo koreografijo argentinskega tanga na glasbo po va\u0161em izboru.<\/p>\n<p>\u010ce \u0161e nista sigurna ali je tango prava izbira za vaju, si najprej privo\u0161\u010dita na\u0161 <a href=\"http:\/\/www.calesitatango.si\/en\/tango-zacetniki\/\">brezpla\u010dni te\u010daj<\/a>. Tako boste spoznali u\u010ditelja, na\u0161 pristop u\u010denja in seveda &#8211; tango!<\/p>\n<blockquote><p><strong><em>Na individualnih urah vas nau\u010dimo plesati tako, da boste plesali samozavestno in z velikim veseljem.<\/em><\/strong><\/p><\/blockquote>\n<p><img loading=\"lazy\" decoding=\"async\" class=\"alignnone size-full wp-image-18779\" src=\"http:\/\/www.calesitatango.si\/wp-content\/uploads\/poro\u010dni-ples.jpg\" alt=\"\" width=\"3989\" height=\"1570\" srcset=\"https:\/\/www.calesitatango.si\/wp-content\/uploads\/poro\u010dni-ples.jpg 2560w, https:\/\/www.calesitatango.si\/wp-content\/uploads\/poro\u010dni-ples-300x118.jpg 300w, https:\/\/www.calesitatango.si\/wp-content\/uploads\/poro\u010dni-ples-2006x790.jpg 2006w, https:\/\/www.calesitatango.si\/wp-content\/uploads\/poro\u010dni-ples-768x302.jpg 768w, https:\/\/www.calesitatango.si\/wp-content\/uploads\/poro\u010dni-ples-1170x460.jpg 1170w, https:\/\/www.calesitatango.si\/wp-content\/uploads\/poro\u010dni-ples-600x236.jpg 600w, https:\/\/www.calesitatango.si\/wp-content\/uploads\/poro\u010dni-ples-24x9.jpg 24w, https:\/\/www.calesitatango.si\/wp-content\/uploads\/poro\u010dni-ples-36x14.jpg 36w, https:\/\/www.calesitatango.si\/wp-content\/uploads\/poro\u010dni-ples-48x19.jpg 48w\" sizes=\"auto, (max-width: 3989px) 100vw, 3989px\" \/><strong>Na\u0161e izku\u0161nje pri u\u010denju poro\u010dnega plesa:<\/strong><br \/>\n1. Plesno predznanje ni potrebno.<br \/>\n2. Koreografija je unikatna, sestavljena za vsak par posebej, glede na \u017eelje in glasbo.<br \/>\n3. U\u010denje poteka individualno par z u\u010diteljem.<br \/>\n4. Potrebno je ca. 5 do 10 individualnih ur, da se nau\u010dite koreografijo.<br \/>\n5. S te\u010dajem je dobro za\u010deti pribli\u017eno 2 meseca pred poroko, tako se koreografije dobro nau\u010dimo in ostane v spominu.<br \/>\n6. Pripravimo vas tudi na prihod in odhod s plesi\u0161\u010da in podamo navodilo za DJ-a.<br \/>\n7. Svetujemo vam pri izbiri \u010devljev in obleke.<br \/>\n8. Svetujemo vam pri izbiri glasbe za poro\u010dni ples.<br \/>\n9. Snemamo te\u010daj, tako da je va\u0161 napredek \u010dim hitrej\u0161i.<br \/>\n10. Z vami delimo izku\u0161nje drugih parov, da bo va\u0161 ples \u010dim bolj teko\u010d na poroki.<br \/>\n11. Imamo ve\u010d kot 15 letne izku\u0161nje pri u\u010denju argentinskega tanga.<\/p>\n<blockquote><p><strong><em>Nau\u010diti se plesati pravi argentinski tango je najlep\u0161e darilo, ki ga lahko poklonita en drugemu.<\/em><\/strong><\/p><\/blockquote>\n<p>Pokli\u010dite nas na<span style=\"color: #e57070;\"> <strong>040 755 696<\/strong>\u00a0<\/span>ali pi\u0161ite na <span style=\"color: #e57070;\"><strong>dana@calesitatango.si.<\/strong><\/span><\/p>\n<p>Marsikdo ne ve, kaj bi podaril zaro\u010dencema kot darilo ob poroki. Ena izmed mo\u017enosti je tudi <strong><a href=\"http:\/\/www.calesitatango.si\/en\/darilni-boni\/\">darilni bon Calesite<\/a><\/strong> za pla\u010dilo plesnega te\u010daja za poroko.<\/p>\n<hr \/>\n<p style=\"text-align: center;\"><strong>VTISI ZARO\u010cENCEV<\/strong><\/p>\n<p><em>&#8220;Na splo\u0161no gledano imata super na\u010din u\u010denja in razlaganja, ker ne samo da razumljivo razlo\u017eita vsako stvar, ampak tudi obrazlo\u017eita zakaj je nekaj pomembno in to nama je bilo zelo v\u0161e\u010d. Ples sta nama na ta na\u010din pribli\u017eala.\u00a0<\/em><em>Sestavila sta odli\u010dno koreografijo, ki je bila primerna najinemu (ne)znanju, vsak lik sta nama\u00a0<\/em><em>razlagala posebej (nista nama podala vseh napotkov hkrati, ampak po\u010dasi vsakega posebej), korake smo ve\u010dkrat ponavljali, n<\/em><em>au\u010dila sta naju kako \u00bbzapolniti\u00ab prostor, se pravi, kako se premikati po plesi\u0161\u010du ter dala poudarek najini dr\u017ei.\u00a0<\/em><em>Zelo koristno je bilo tudi to, da smo se posneli \u2013 da sva lahko tudi doma vadila in da sva lahko videla kako sva v resnici videti med plesom.&#8221;<\/em><\/p>\n<p><em>Grega in Danaja<\/em><\/p>\n<hr \/>\n<p><strong>Valerija in Nick<\/strong> sta se odlo\u010dila za individualne te\u010daje tanga pri njima doma, ki so potekali v Angle\u0161kem jeziku:<\/p>\n<p><em>&#8220;First of all, we&#8217;d like to thank wonderful Dana and Darko who helped us to prepare for our wedding dance. We really liked Dana and Darko&#8217;s professional attitude during the lessons. From the very first till the last lesson they guided and supported us by providing their feedback and giving insightful suggestions to our dance moves. I personally liked their detailed but understandable explanations of the moves and also the way they gave us feedback after we would dance. The Tango dance we danced was achievable for us, complete beginners, and we had lots of fun! We also would like to thank our teachers for being positive, cheerful, fun, but reasonably strict at the same time. The lessons with Dana and Darko were enjoyable \ud83d\ude42 Thank you very much once again!&#8221;<\/em><\/p>\n<p><em>Valerija<\/em><\/p>\n<hr \/>\n<p><em>&#8220;Dana and Darko were great. They came up with a dance to suit our choice of music that was manageable for us as beginners, but also looked great. They gave us step-by-step instruction, and were always supportive but very clear in their feedback. If there was a problem, they were very good at finding the cause and helping us get over it. After working on getting the steps right, they then worked on the presentation, but it was always manageable for us.<\/em><br \/>\n<em> Overall, we are very thankful to Dana and Darko for helping us have a very memorable and beautiful wedding dance.&#8221;<\/em><\/p>\n<p><em>Nick<\/em><\/p>\n<hr \/>","protected":false},"excerpt":{"rendered":"<p>Navdu\u0161ite sebe in va\u0161e svate z argentinskim tangom Pripravita vajinim svatom\u00a0posebno presene\u010denje in na poroki zaple\u0161ita argentinski tango. V \u0161oli argentinskega tanga Calesita vam pripravimo koreografijo argentinskega tanga na glasbo po va\u0161em izboru. \u010ce \u0161e nista sigurna ali je tango prava izbira za vaju, si najprej privo\u0161\u010dita na\u0161 brezpla\u010dni te\u010daj. Tako boste spoznali u\u010ditelja, na\u0161&#8230;<\/p>","protected":false},"author":1,"featured_media":0,"parent":0,"menu_order":0,"comment_status":"closed","ping_status":"closed","template":"templ-page-with-header.php","meta":{"_monsterinsights_skip_tracking":false,"_monsterinsights_sitenote_active":false,"_monsterinsights_sitenote_note":"","_monsterinsights_sitenote_category":0,"footnotes":""},"class_list":["post-18465","page","type-page","status-publish","hentry"],"jetpack_sharing_enabled":true,"_links":{"self":[{"href":"https:\/\/www.calesitatango.si\/en\/wp-json\/wp\/v2\/pages\/18465","targetHints":{"allow":["GET"]}}],"collection":[{"href":"https:\/\/www.calesitatango.si\/en\/wp-json\/wp\/v2\/pages"}],"about":[{"href":"https:\/\/www.calesitatango.si\/en\/wp-json\/wp\/v2\/types\/page"}],"author":[{"embeddable":true,"href":"https:\/\/www.calesitatango.si\/en\/wp-json\/wp\/v2\/users\/1"}],"replies":[{"embeddable":true,"href":"https:\/\/www.calesitatango.si\/en\/wp-json\/wp\/v2\/comments?post=18465"}],"version-history":[{"count":45,"href":"https:\/\/www.calesitatango.si\/en\/wp-json\/wp\/v2\/pages\/18465\/revisions"}],"predecessor-version":[{"id":21057,"href":"https:\/\/www.calesitatango.si\/en\/wp-json\/wp\/v2\/pages\/18465\/revisions\/21057"}],"wp:attachment":[{"href":"https:\/\/www.calesitatango.si\/en\/wp-json\/wp\/v2\/media?parent=18465"}],"curies":[{"name":"wp","href":"https:\/\/api.w.org\/{rel}","templated":true}]}}