{"id":18293,"date":"2017-08-28T17:01:27","date_gmt":"2017-08-28T15:01:27","guid":{"rendered":"http:\/\/www.calesitatango.si\/?page_id=18293"},"modified":"2026-02-21T14:29:43","modified_gmt":"2026-02-21T12:29:43","slug":"tango","status":"publish","type":"page","link":"https:\/\/www.calesitatango.si\/en\/tango\/","title":{"rendered":"SEZONA 2025\/26"},"content":{"rendered":"<h2><span style=\"color: #ff0000;\"><strong>REDNI TANGO TE\u010cAJI<br \/>\nVSAK TOREK, PETEK IN NEDELJO<\/strong><\/span><\/h2>\n<p><span style=\"color: #333333;\">Redni tango te\u010daj je te\u010daj v mali skupini, ki \u0161teje do najve\u010d deset plesnih parov. Me\u0161ajo se za\u010detniki in nadaljevalci. Z vsakim parom delamo individualno.<\/span><\/p>\n<p><span style=\"color: #333333;\">Lokacija: studio Dancelife, \u0160martinska 106, Lj-BTC<\/span><br \/>\n<span style=\"color: #333333;\">Cena: od 7\u20ac do 10\u20ac (<a href=\"http:\/\/www.calesitatango.si\/en\/cenik\/\" target=\"_blank\" rel=\"noopener noreferrer\">glej cenik<\/a>)<\/span><br \/>\nTo\u010den urnik: <a href=\"https:\/\/www.calesitatango.si\/en\/urnik\/\">glej tukaj\u00a0<\/a><\/p>\n<p><span style=\"color: #333333;\">&gt;&gt; <strong><a href=\"http:\/\/www.calesitatango.si\/en\/prijava\/\" target=\"_blank\" rel=\"noopener noreferrer\">PRIJAVA<\/a><\/strong><\/span><\/p>\n<p>&nbsp;<\/p>\n<h2><span style=\"color: #ff00ff;\"><strong>SOLO \u017dENSKA TEHNIKA<br \/>\n1x MESE\u010cNO OB NEDELJAH<\/strong><\/span><\/h2>\n<p><span style=\"color: #333333;\">Lokacija: studio Dancelife, \u0160martinska 106, Ljubljana<\/span><br \/>\n<span style=\"color: #333333;\">Cena: od 6\u20ac do 10\u20ac (<a href=\"http:\/\/www.calesitatango.si\/en\/cenik\/\" target=\"_blank\" rel=\"noopener noreferrer\">glej cenik<\/a>)<\/span><\/p>\n<table>\n<tbody>\n<tr>\n<td><span style=\"color: #333333;\">17:00 &#8211; 18:00 SOLO \u017dENSKA TEHNIKA<\/span><\/td>\n<\/tr>\n<\/tbody>\n<\/table>\n<p>&nbsp;<\/p>\n<h2><span style=\"color: #339966;\"><strong>BREZPLA\u010cNI UVODNI TE\u010cAJI<br \/>\n1x MESE\u010cNO OB NEDELJAH<\/strong><\/span><\/h2>\n<p><span style=\"color: #333333;\">Lokacija: studio Dancelife, \u0160martinska 106, Ljubljana<\/span><br \/>\n<span style=\"color: #333333;\">Uvodni te\u010daji so vedno brezpla\u010dni in jih lahko obi\u0161\u010dete ve\u010dkrat.\u00a0<\/span><\/p>\n<table>\n<tbody>\n<tr>\n<td><span style=\"color: #333333;\">19:00 &#8211; 20:00 BREZPLA\u010cNI UVODNI TE\u010cAJ<\/span>\u00a0(<a href=\"http:\/\/www.calesitatango.si\/en\/tango-zacetniki\/\" target=\"_blank\" rel=\"noopener noreferrer\">prihodnje termine najdete tukaj<\/a>)<\/td>\n<\/tr>\n<\/tbody>\n<\/table>\n<p><span style=\"color: #e57070;\"><strong>CENIK na osebo:<\/strong><\/span><\/p>\n<blockquote><p>1 ura (60min) = 10 \u20ac<br \/>\nPaket 5 ur = 45 \u20ac (cena 1 ure je 9\u20ac)<br \/>\nPaket 10 ur = 80 \u20ac (cena 1 ure je 8\u20ac)<br \/>\nPaket 15 ur = 105 \u20ac (cena 1 ure je 7\u20ac)<\/p>\n<p>Paketi ur veljajo na osebo in <strong>niso prenosljivi<\/strong> (par torej ne more koristiti ure iz istega paketa). <strong>V kolikor se izka\u017ee, da zaradi va\u0161ih obveznosti ne morete izkoristiti zakupljenih ur, ne vra\u010damo denarja!<\/strong> Veljavnost vseh paketov: 12 mesecev. Ure lahko koristite za katerikoli te\u010daj ob \u010detrtkih in petkih in za solo \u017eensko tehniko ob sredah.<\/p><\/blockquote>","protected":false},"excerpt":{"rendered":"<p>REDNI TANGO TE\u010cAJI VSAK TOREK, PETEK IN NEDELJO Redni tango te\u010daj je te\u010daj v mali skupini, ki \u0161teje do najve\u010d deset plesnih parov. Me\u0161ajo se za\u010detniki in nadaljevalci. Z vsakim parom delamo individualno. Lokacija: studio Dancelife, \u0160martinska 106, Lj-BTC Cena: od 7\u20ac do 10\u20ac (glej cenik) To\u010den urnik: glej tukaj\u00a0 &gt;&gt; PRIJAVA &nbsp; SOLO \u017dENSKA&#8230;<\/p>","protected":false},"author":1,"featured_media":0,"parent":0,"menu_order":0,"comment_status":"closed","ping_status":"closed","template":"","meta":{"_monsterinsights_skip_tracking":false,"_monsterinsights_sitenote_active":false,"_monsterinsights_sitenote_note":"","_monsterinsights_sitenote_category":0,"footnotes":""},"class_list":["post-18293","page","type-page","status-publish","hentry"],"jetpack_sharing_enabled":true,"_links":{"self":[{"href":"https:\/\/www.calesitatango.si\/en\/wp-json\/wp\/v2\/pages\/18293","targetHints":{"allow":["GET"]}}],"collection":[{"href":"https:\/\/www.calesitatango.si\/en\/wp-json\/wp\/v2\/pages"}],"about":[{"href":"https:\/\/www.calesitatango.si\/en\/wp-json\/wp\/v2\/types\/page"}],"author":[{"embeddable":true,"href":"https:\/\/www.calesitatango.si\/en\/wp-json\/wp\/v2\/users\/1"}],"replies":[{"embeddable":true,"href":"https:\/\/www.calesitatango.si\/en\/wp-json\/wp\/v2\/comments?post=18293"}],"version-history":[{"count":115,"href":"https:\/\/www.calesitatango.si\/en\/wp-json\/wp\/v2\/pages\/18293\/revisions"}],"predecessor-version":[{"id":21109,"href":"https:\/\/www.calesitatango.si\/en\/wp-json\/wp\/v2\/pages\/18293\/revisions\/21109"}],"wp:attachment":[{"href":"https:\/\/www.calesitatango.si\/en\/wp-json\/wp\/v2\/media?parent=18293"}],"curies":[{"name":"wp","href":"https:\/\/api.w.org\/{rel}","templated":true}]}}