{"id":17900,"date":"2017-01-18T16:57:27","date_gmt":"2017-01-18T14:57:27","guid":{"rendered":"http:\/\/www.calesitatango.si\/?page_id=17900"},"modified":"2026-04-02T09:58:52","modified_gmt":"2026-04-02T07:58:52","slug":"tehnika","status":"publish","type":"page","link":"https:\/\/www.calesitatango.si\/en\/tehnika\/","title":{"rendered":"\u017dENSKA TEHNIKA"},"content":{"rendered":"<h4 style=\"text-align: center;\">DELAVNICE SOLO \u017dENSKE TEHNIKE<\/h4>\n<p style=\"text-align: center;\"><em>za tiste, ki nimate plesnega partnerja in tiste, ki \u017eelite bolje plesati v paru<\/em><\/p>\n<p style=\"text-align: left;\"><em>&#8220;Bolj kot pozna\u0161 svoje telo, bolje lahko ple\u0161e\u0161 s svojim partnerjem. Na delavnici solo tehnike, ko dela\u0161 sama s svojim telesom in posku\u0161a\u0161 najti ravnote\u017eje na vsakem koraku ter ozavestiti na\u010din, na katerega se premika\u0161 &#8211;\u00a0 \u0161ele spozna\u0161, kaj lahko prispeva\u0161 sama, ko ple\u0161e\u0161 v paru.&#8221;<\/em><\/p>\n<p><strong>V delavnicah bomo izbolj\u0161evale svoje ravnote\u017eje, hitrost, hojo in dr\u017eo, okraske in plesale solo koreografijo.<\/strong><\/p>\n<h4 style=\"text-align: center;\"><strong><span style=\"color: #e57070;\">Naslednja \u017eenska tehnika bo v nedeljo, 19.4.2026 od 17:00 &#8211; 18:00 ure.<\/span><\/strong><\/h4>\n<p><strong>Cena: 7<\/strong>\u20ac &#8211; 10\u20ac (<a href=\"http:\/\/www.calesitatango.si\/en\/cenik\/\">glej cenik<\/a>)<\/p>\n<p style=\"text-align: left;\"><span style=\"color: #333333;\"><strong>PRIJAVA<\/strong><\/span><\/p>\n\n<div class=\"wpcf7 no-js\" id=\"wpcf7-f19073-o1\" lang=\"en-US\" dir=\"ltr\" data-wpcf7-id=\"19073\">\n<div class=\"screen-reader-response\"><p role=\"status\" aria-live=\"polite\" aria-atomic=\"true\"><\/p> <ul><\/ul><\/div>\n<form action=\"\/en\/wp-json\/wp\/v2\/pages\/17900#wpcf7-f19073-o1\" method=\"post\" class=\"wpcf7-form init\" aria-label=\"Contact form\" novalidate=\"novalidate\" data-status=\"init\" data-trp-original-action=\"\/en\/wp-json\/wp\/v2\/pages\/17900#wpcf7-f19073-o1\">\n<fieldset class=\"hidden-fields-container\"><input type=\"hidden\" name=\"_wpcf7\" value=\"19073\" \/><input type=\"hidden\" name=\"_wpcf7_version\" value=\"6.1.5\" \/><input type=\"hidden\" name=\"_wpcf7_locale\" value=\"en_US\" \/><input type=\"hidden\" name=\"_wpcf7_unit_tag\" value=\"wpcf7-f19073-o1\" \/><input type=\"hidden\" name=\"_wpcf7_container_post\" value=\"0\" \/><input type=\"hidden\" name=\"_wpcf7_posted_data_hash\" value=\"\" \/><input type=\"hidden\" name=\"_wpcf7_recaptcha_response\" value=\"\" \/>\n<\/fieldset>\n<p>Va\u0161e ime in priimek\n<\/p>\n<p><span class=\"wpcf7-form-control-wrap\" data-name=\"your-name\"><input size=\"40\" maxlength=\"400\" class=\"wpcf7-form-control wpcf7-text wpcf7-validates-as-required\" aria-required=\"true\" aria-invalid=\"false\" value=\"\" type=\"text\" name=\"your-name\" \/><\/span>\n<\/p>\n<p>Va\u0161a e-po\u0161ta (na ta email boste prejeli potrditev va\u0161e prijave)\n<\/p>\n<p><span class=\"wpcf7-form-control-wrap\" data-name=\"your-email\"><input size=\"40\" maxlength=\"400\" class=\"wpcf7-form-control wpcf7-email wpcf7-validates-as-required wpcf7-text wpcf7-validates-as-email\" aria-required=\"true\" aria-invalid=\"false\" value=\"\" type=\"email\" name=\"your-email\" \/><\/span>\n<\/p>\n<p>Va\u0161 telefon (da vas lahko pokli\u010demo v primeru, da delavnica odpade)\n<\/p>\n<p><span class=\"wpcf7-form-control-wrap\" data-name=\"Telefon\"><input size=\"40\" maxlength=\"400\" class=\"wpcf7-form-control wpcf7-text wpcf7-validates-as-required\" aria-required=\"true\" aria-invalid=\"false\" value=\"\" type=\"text\" name=\"Telefon\" \/><\/span>\n<\/p>\n<p>Izberite termin:<br \/>\n<span class=\"wpcf7-form-control-wrap\" data-name=\"Termin\"><select class=\"wpcf7-form-control wpcf7-select wpcf7-validates-as-required\" aria-required=\"true\" aria-invalid=\"false\" name=\"Termin\"><option value=\"NEDELJA 19.4.2026 ob 17:00 uri\">NEDELJA 19.4.2026 ob 17:00 uri<\/option><\/select><\/span>\n<\/p>\n<p>Vsebina, ki me zanima:\n<\/p>\n<p><span class=\"wpcf7-form-control-wrap\" data-name=\"vsebina\"><input size=\"40\" maxlength=\"400\" class=\"wpcf7-form-control wpcf7-text wpcf7-validates-as-required\" aria-required=\"true\" aria-invalid=\"false\" value=\"\" type=\"text\" name=\"vsebina\" \/><\/span>\n<\/p>\n<p><input class=\"wpcf7-form-control wpcf7-submit has-spinner\" type=\"submit\" value=\"Po\u0161lji\" \/>\n<\/p><p style=\"display: none !important;\" class=\"akismet-fields-container\" data-prefix=\"_wpcf7_ak_\"><label>&#916;<textarea name=\"_wpcf7_ak_hp_textarea\" cols=\"45\" rows=\"8\" maxlength=\"100\"><\/textarea><\/label><input type=\"hidden\" id=\"ak_js_1\" name=\"_wpcf7_ak_js\" value=\"128\"\/><script>document.getElementById( \"ak_js_1\" ).setAttribute( \"value\", ( new Date() ).getTime() );<\/script><\/p><div class=\"wpcf7-response-output\" aria-hidden=\"true\"><\/div>\n<input type=\"hidden\" name=\"trp-form-language\" value=\"en\"\/><\/form>\n<\/div>\n\n<p><strong>V kolikor vam ne deluje spletna prijava, nam prosim po\u0161iljite va\u0161o prijavo na email: dana@calesitatango.si<\/strong><\/p>","protected":false},"excerpt":{"rendered":"<p>DELAVNICE SOLO \u017dENSKE TEHNIKE za tiste, ki nimate plesnega partnerja in tiste, ki \u017eelite bolje plesati v paru &#8220;Bolj kot pozna\u0161 svoje telo, bolje lahko ple\u0161e\u0161 s svojim partnerjem. Na delavnici solo tehnike, ko dela\u0161 sama s svojim telesom in posku\u0161a\u0161 najti ravnote\u017eje na vsakem koraku ter ozavestiti na\u010din, na katerega se premika\u0161 &#8211;\u00a0 \u0161ele&#8230;<\/p>","protected":false},"author":1,"featured_media":0,"parent":0,"menu_order":0,"comment_status":"closed","ping_status":"closed","template":"templ-page-with-header.php","meta":{"_monsterinsights_skip_tracking":false,"_monsterinsights_sitenote_active":false,"_monsterinsights_sitenote_note":"","_monsterinsights_sitenote_category":0,"footnotes":""},"class_list":["post-17900","page","type-page","status-publish","hentry"],"jetpack_sharing_enabled":true,"_links":{"self":[{"href":"https:\/\/www.calesitatango.si\/en\/wp-json\/wp\/v2\/pages\/17900","targetHints":{"allow":["GET"]}}],"collection":[{"href":"https:\/\/www.calesitatango.si\/en\/wp-json\/wp\/v2\/pages"}],"about":[{"href":"https:\/\/www.calesitatango.si\/en\/wp-json\/wp\/v2\/types\/page"}],"author":[{"embeddable":true,"href":"https:\/\/www.calesitatango.si\/en\/wp-json\/wp\/v2\/users\/1"}],"replies":[{"embeddable":true,"href":"https:\/\/www.calesitatango.si\/en\/wp-json\/wp\/v2\/comments?post=17900"}],"version-history":[{"count":139,"href":"https:\/\/www.calesitatango.si\/en\/wp-json\/wp\/v2\/pages\/17900\/revisions"}],"predecessor-version":[{"id":21166,"href":"https:\/\/www.calesitatango.si\/en\/wp-json\/wp\/v2\/pages\/17900\/revisions\/21166"}],"wp:attachment":[{"href":"https:\/\/www.calesitatango.si\/en\/wp-json\/wp\/v2\/media?parent=17900"}],"curies":[{"name":"wp","href":"https:\/\/api.w.org\/{rel}","templated":true}]}}