{"id":17501,"date":"2016-09-29T13:56:16","date_gmt":"2016-09-29T11:56:16","guid":{"rendered":"http:\/\/www.calesitatango.si\/?page_id=17501"},"modified":"2026-01-19T12:03:04","modified_gmt":"2026-01-19T10:03:04","slug":"privatni-tecaj","status":"publish","type":"page","link":"https:\/\/www.calesitatango.si\/en\/privatni-tecaj\/","title":{"rendered":"INDIVIDUALNI TE\u010cAJ TANGA"},"content":{"rendered":"<p><img loading=\"lazy\" decoding=\"async\" class=\"alignright wp-image-17778\" title=\"Individualni te\u010daj plesa - Argentinski tango.\" src=\"http:\/\/www.calesitatango.si\/wp-content\/uploads\/1-1.png\" alt=\"Individualni te\u010daj plesa - Argentinski tango.\" width=\"400\" height=\"335\" srcset=\"https:\/\/www.calesitatango.si\/wp-content\/uploads\/1-1.png 940w, https:\/\/www.calesitatango.si\/wp-content\/uploads\/1-1-300x251.png 300w, https:\/\/www.calesitatango.si\/wp-content\/uploads\/1-1-768x644.png 768w, https:\/\/www.calesitatango.si\/wp-content\/uploads\/1-1-1170x980.png 1170w\" sizes=\"auto, (max-width: 400px) 100vw, 400px\" \/>Individualni te\u010daj plesa argentinskega tanga je <strong>primeren za vsakogar<\/strong>. Za\u010dnete lahko kadarkoli. Termine dogovarjamo sproti po potrebi.<\/p>\n<p><span style=\"color: #e57070;\"><strong>Individualni te\u010daj plesa priporo\u010damo:<\/strong><\/span><br \/>\n1. \u010ce nimate primernega plesnega partnerja in verjamete, da zmorete ve\u010d.<br \/>\n2. \u010ce potrebujete prilagodljiv urnik zaradi narave va\u0161ega dela.<br \/>\n3. \u010ce si \u017eelite hitrej\u0161ega napredka v tangu.<br \/>\n4. \u010ce \u017ee obiskujete na\u0161e <strong><a href=\"http:\/\/www.calesitatango.si\/en\/prijava\/\">skupinske te\u010daje<\/a><\/strong> in se pojavijo specifi\u010dna vpra\u0161anja glede dolo\u010denih korakov, sekvenc ali tehnike va\u0161ega plesa.<br \/>\n5. \u010ce si \u017eelite bolje in la\u017eje slediti vsebino skupinskih te\u010dajev. Namen je odpraviti va\u0161e te\u017eave tako, da boste dobro odvodili\/odsledili s komerkoli na te\u010daju. Nau\u010dili vas bomo tudi na kaj morate biti pozorni na skupinskem te\u010daju. Le tako boste najve\u010d odnesli tudi od skupinskih te\u010dajev.<br \/>\n6. \u010ce vam individualno u\u010denje bolj ustreza od <strong><a href=\"http:\/\/www.calesitatango.si\/en\/tango\/\">u\u010denja v skupini<\/a><\/strong>.<br \/>\n7. \u010ce se pripravljate na <strong><a href=\"http:\/\/www.calesitatango.si\/en\/plesni-tecaj-za-poroko\/\">poro\u010dni ples<\/a><\/strong> ali drug specifi\u010den dogodek. <a href=\"http:\/\/www.calesitatango.si\/en\/plesni-tecaj-za-poroko\/\">&gt;&gt; Preberi ve\u010d o poro\u010dnem plesu<\/a><br \/>\n8. Si \u017eelite sprostitve? Ples z<strong><a href=\"http:\/\/www.calesitatango.si\/en\/tango-sola-calesita\/\">\u00a0u\u010diteljem<\/a><\/strong> je sprostitev in hkrati aktivna vadba pravilno izvedenih korakov.<br \/>\n9. \u010ce ste aktivni plesalec\/ka argentinskega tanga in va\u0161e potrebe zahtevajo posebno pozornost.<br \/>\n10. \u010ce imate kakr\u0161nekoli bole\u010dine in potrebujete prilagojeno vadbo plesa.<\/p>\n<p><strong>Individualni te\u010daj traja 60 minut in poteka solo s posameznikom ali v paru.<\/strong><\/p>\n<p><span style=\"color: #000000;\"><strong>Cena<\/strong>: posameznik 60\u20ac, plesni par 80\u20ac (torej 40\u20ac na osebo), v primeru zakonskega para oz. skupnega gospodinjstva je cena 70\u20ac<\/span><\/p>\n<p><span style=\"color: #000000;\">Na individualni uri je prisoten en, po potrebi pa tudi dva u\u010ditelja.<\/span><\/p>\n<p><span style=\"color: #e57070;\"><strong>Za ve\u010d informacij in pokli\u010dite na:<\/strong><\/span><\/p>\n<p>Telefon 040 755 696 (Dana)<\/p>\n<p><strong>ali rezervirajte okvirni termin individualne ure preko spodnjega obrazca:<\/strong><\/p>\n\n<div class=\"wpcf7 no-js\" id=\"wpcf7-f15926-o1\" lang=\"sl-SI\" dir=\"ltr\" data-wpcf7-id=\"15926\">\n<div class=\"screen-reader-response\"><p role=\"status\" aria-live=\"polite\" aria-atomic=\"true\"><\/p> <ul><\/ul><\/div>\n<form action=\"\/en\/wp-json\/wp\/v2\/pages\/17501#wpcf7-f15926-o1\" method=\"post\" class=\"wpcf7-form init\" aria-label=\"Kontaktni obrazec\" novalidate=\"novalidate\" data-status=\"init\" data-trp-original-action=\"\/en\/wp-json\/wp\/v2\/pages\/17501#wpcf7-f15926-o1\">\n<fieldset class=\"hidden-fields-container\"><input type=\"hidden\" name=\"_wpcf7\" value=\"15926\" \/><input type=\"hidden\" name=\"_wpcf7_version\" value=\"6.1.5\" \/><input type=\"hidden\" name=\"_wpcf7_locale\" value=\"sl_SI\" \/><input type=\"hidden\" name=\"_wpcf7_unit_tag\" value=\"wpcf7-f15926-o1\" \/><input type=\"hidden\" name=\"_wpcf7_container_post\" value=\"0\" \/><input type=\"hidden\" name=\"_wpcf7_posted_data_hash\" value=\"\" \/><input type=\"hidden\" name=\"_wpcf7_recaptcha_response\" value=\"\" \/>\n<\/fieldset>\n<p>Ime in Priimek\n<\/p>\n<p><span class=\"wpcf7-form-control-wrap\" data-name=\"your-name\"><input size=\"40\" maxlength=\"400\" class=\"wpcf7-form-control wpcf7-text wpcf7-validates-as-required\" aria-required=\"true\" aria-invalid=\"false\" value=\"\" type=\"text\" name=\"your-name\" \/><\/span>\n<\/p>\n<p>Email\n<\/p>\n<p><span class=\"wpcf7-form-control-wrap\" data-name=\"your-email\"><input size=\"40\" maxlength=\"400\" class=\"wpcf7-form-control wpcf7-email wpcf7-validates-as-required wpcf7-text wpcf7-validates-as-email\" aria-required=\"true\" aria-invalid=\"false\" value=\"\" type=\"email\" name=\"your-email\" \/><\/span>\n<\/p>\n<p>Telefon\n<\/p>\n<p><span class=\"wpcf7-form-control-wrap\" data-name=\"tel-447\"><input size=\"40\" maxlength=\"400\" class=\"wpcf7-form-control wpcf7-tel wpcf7-text wpcf7-validates-as-tel\" aria-invalid=\"false\" value=\"\" type=\"tel\" name=\"tel-447\" \/><\/span>\n<\/p>\n<p>\u017deljeni datum:\n<\/p>\n<p><span class=\"wpcf7-form-control-wrap\" data-name=\"date-382\"><input class=\"wpcf7-form-control wpcf7-date wpcf7-validates-as-required wpcf7-validates-as-date\" aria-required=\"true\" aria-invalid=\"false\" value=\"\" type=\"date\" name=\"date-382\" \/><\/span>\n<\/p>\n<p>\u017deljena ura:\n<\/p>\n<p><span class=\"wpcf7-form-control-wrap\" data-name=\"text-983\"><input size=\"40\" maxlength=\"400\" class=\"wpcf7-form-control wpcf7-text\" aria-invalid=\"false\" value=\"\" type=\"text\" name=\"text-983\" \/><\/span>\n<\/p>\n<p>Pridem:\n<\/p>\n<p><span class=\"wpcf7-form-control-wrap\" data-name=\"checkbox-431\"><span class=\"wpcf7-form-control wpcf7-checkbox wpcf7-exclusive-checkbox\"><span class=\"wpcf7-list-item first\"><span class=\"wpcf7-list-item-label\">sam\/a<\/span><input type=\"checkbox\" name=\"checkbox-431\" value=\"sam\/a\" \/><\/span><span class=\"wpcf7-list-item last\"><span class=\"wpcf7-list-item-label\">v paru<\/span><input type=\"checkbox\" name=\"checkbox-431\" value=\"v paru\" \/><\/span><\/span><\/span>\n<\/p>\n<p>Dodatno sporo\u010dilo:<br \/>\n<span class=\"wpcf7-form-control-wrap\" data-name=\"text-576\"><input size=\"40\" maxlength=\"400\" class=\"wpcf7-form-control wpcf7-text\" aria-invalid=\"false\" value=\"\" type=\"text\" name=\"text-576\" \/><\/span>\n<\/p>\n<p>Po oddaji spletnega obrazca vas bomo poklicali in potrdili termin.\n<\/p>\n<p><input class=\"wpcf7-form-control wpcf7-submit has-spinner\" type=\"submit\" value=\"REZERVIRAJ TERMIN\" \/>\n<\/p><p style=\"display: none !important;\" class=\"akismet-fields-container\" data-prefix=\"_wpcf7_ak_\"><label>&#916;<textarea name=\"_wpcf7_ak_hp_textarea\" cols=\"45\" rows=\"8\" maxlength=\"100\"><\/textarea><\/label><input type=\"hidden\" id=\"ak_js_1\" name=\"_wpcf7_ak_js\" value=\"208\"\/><script>document.getElementById( \"ak_js_1\" ).setAttribute( \"value\", ( new Date() ).getTime() );<\/script><\/p><div class=\"wpcf7-response-output\" aria-hidden=\"true\"><\/div>\n<input type=\"hidden\" name=\"trp-form-language\" value=\"en\"\/><\/form>\n<\/div>\n\n<hr \/>\n<p style=\"text-align: center;\"><strong>VTISI<\/strong><\/p>\n<p><em>&#8220;Ker sem plesala z Darkom (ki je lahko podal feedback iz vidika plesalca), Dana pa je gledala (in je lahko podala feedback iz vidika gledalca), sem takoj prejela 100-odstotno potrditev, popravek, povratno informacijo glede na moj ples. Tako sem lahko v zelo kratkem \u010dasu izredno napredovala in na plesi\u0161\u010du nastopila bistveno bolj samozavestno kot pred za\u010detkom individualnih ur. Individualne ure se mi zdijo odli\u010dne za hitro napredovanje, vendar pa mora\u0161 imeti osnovo, predznanje, v kolikor je cilj bolj\u0161e plesanje na milongah.&#8221;\u00a0 <\/em><\/p>\n<p><em>te\u010dajnica<\/em><\/p>\n<hr \/>\n<p><em>&#8220;First of all, we&#8217;d like to thank wonderful Dana and Darko who helped us to prepare for our wedding dance. We really liked Dana and Darko&#8217;s professional attitude during the lessons. From the very first till the last lesson they guided and supported us by providing their feedback and giving insightful suggestions to our dance moves. I personally liked their detailed but understandable explanations of the moves and also the way they gave us feedback after we would dance. The Tango dance we danced was achievable for us, complete beginners, and we had lots of fun! We also would like to thank our teachers for being positive, cheerful, fun, but reasonably strict at the same time. The lessons with Dana and Darko were enjoyable \ud83d\ude42 Thank you very much once again!&#8221;<\/em><\/p>\n<p><em>Valerija<\/em><\/p>\n<hr \/>\n<p><em>&#8220;Dana and Darko were great. They came up with a dance to suit our choice of music that was manageable for us as beginners, but also looked great. They gave us step-by-step instruction, and were always supportive but very clear in their feedback. If there was a problem, they were very good at finding the cause and helping us get over it. After working on getting the steps right, they then worked on the presentation, but it was always manageable for us.<\/em><br \/>\n<em> Overall, we are very thankful to Dana and Darko for helping us have a very memorable and beautiful wedding dance.&#8221;<\/em><\/p>\n<p><em>Nick<\/em><\/p>\n<hr \/>","protected":false},"excerpt":{"rendered":"<p>Individualni te\u010daj plesa argentinskega tanga je primeren za vsakogar. Za\u010dnete lahko kadarkoli. Termine dogovarjamo sproti po potrebi. Individualni te\u010daj plesa priporo\u010damo: 1. \u010ce nimate primernega plesnega partnerja in verjamete, da zmorete ve\u010d. 2. \u010ce potrebujete prilagodljiv urnik zaradi narave va\u0161ega dela. 3. \u010ce si \u017eelite hitrej\u0161ega napredka v tangu. 4. \u010ce \u017ee obiskujete na\u0161e skupinske&#8230;<\/p>","protected":false},"author":1,"featured_media":0,"parent":0,"menu_order":0,"comment_status":"closed","ping_status":"closed","template":"","meta":{"_monsterinsights_skip_tracking":false,"_monsterinsights_sitenote_active":false,"_monsterinsights_sitenote_note":"","_monsterinsights_sitenote_category":0,"footnotes":""},"class_list":["post-17501","page","type-page","status-publish","hentry"],"jetpack_sharing_enabled":true,"_links":{"self":[{"href":"https:\/\/www.calesitatango.si\/en\/wp-json\/wp\/v2\/pages\/17501","targetHints":{"allow":["GET"]}}],"collection":[{"href":"https:\/\/www.calesitatango.si\/en\/wp-json\/wp\/v2\/pages"}],"about":[{"href":"https:\/\/www.calesitatango.si\/en\/wp-json\/wp\/v2\/types\/page"}],"author":[{"embeddable":true,"href":"https:\/\/www.calesitatango.si\/en\/wp-json\/wp\/v2\/users\/1"}],"replies":[{"embeddable":true,"href":"https:\/\/www.calesitatango.si\/en\/wp-json\/wp\/v2\/comments?post=17501"}],"version-history":[{"count":33,"href":"https:\/\/www.calesitatango.si\/en\/wp-json\/wp\/v2\/pages\/17501\/revisions"}],"predecessor-version":[{"id":21058,"href":"https:\/\/www.calesitatango.si\/en\/wp-json\/wp\/v2\/pages\/17501\/revisions\/21058"}],"wp:attachment":[{"href":"https:\/\/www.calesitatango.si\/en\/wp-json\/wp\/v2\/media?parent=17501"}],"curies":[{"name":"wp","href":"https:\/\/api.w.org\/{rel}","templated":true}]}}