{"id":15227,"date":"2015-02-21T09:34:51","date_gmt":"2015-02-21T09:34:51","guid":{"rendered":"http:\/\/www.calesitatango.si\/?page_id=15227"},"modified":"2026-03-27T15:00:25","modified_gmt":"2026-03-27T13:00:25","slug":"tango-sola-calesita","status":"publish","type":"page","link":"https:\/\/www.calesitatango.si\/en\/tango-sola-calesita\/","title":{"rendered":"Tango \u0161ola Calesita"},"content":{"rendered":"<p>Plesno \u0161olo za argentinski tango sta leta 2012 ustanovila Dana in Darko, ki sta \u017eelela, da bi tudi tangeri v Sloveniji plesali pravi tradicionalni argentinski tango &#8211; Tango Salon.<\/p>\n<p>\u017de 15 let organiziramo brezpla\u010dne in redne te\u010daje za vse stopnje, intenzivne delavnice za napredne plesalce, plesne vikende ter na\u0161o slavno La Calesita milongo, ki je bila ena prvih najve\u010djih milong v Ljubljani in \u0161e vedno dr\u017ei to ime.<\/p>\n<blockquote><p><strong>V teh letih smo izvedli \u017ee ve\u010d kot 170 ur brezpla\u010dnih uvodnih te\u010dajev, ve\u010d kot 5.700 ur rednih te\u010dajev in organizirali ve\u010d kot 160 milong.<\/strong><\/p><\/blockquote>\n<p>Nabralo se je ogromno izku\u0161enj pri pou\u010devanju in posredovanju znanja. Medtem ko je Dana odgovorna za vodenje \u0161ole, plesnih te\u010dajev in plesnih ve\u010derov (milong), je Darko specialist za izobra\u017eevanje na podro\u010dju tango kulture in tango glasbe. Tako poleg plesnega znanja ob\u010dasno organiziramo tudi predavanja ali vikend izobra\u017eevanja, ki plesalcu podajo \u0161ir\u0161o sliko tango kulture. Za piko na <em>i<\/em> pa smo z leto\u0161njim letom dodali \u0161e ponudbo plesnih \u010devljev.<\/p>\n<p style=\"text-align: justify;\"><strong>Vabim vas, da nas pokli\u010dete na telefon <span style=\"color: #e20177;\"><a style=\"color: #e20177;\" href=\"tel:040 766 595\">040 755 696.<\/a><\/span><\/strong><\/p>","protected":false},"excerpt":{"rendered":"<p>Plesno \u0161olo za argentinski tango sta leta 2012 ustanovila Dana in Darko, ki sta \u017eelela, da bi tudi tangeri v Sloveniji plesali pravi tradicionalni argentinski tango &#8211; Tango Salon. \u017de 15 let organiziramo brezpla\u010dne in redne te\u010daje za vse stopnje, intenzivne delavnice za napredne plesalce, plesne vikende ter na\u0161o slavno La Calesita milongo, ki je&#8230;<\/p>","protected":false},"author":1,"featured_media":16781,"parent":0,"menu_order":0,"comment_status":"closed","ping_status":"closed","template":"templ-about.php","meta":{"_monsterinsights_skip_tracking":false,"_monsterinsights_sitenote_active":false,"_monsterinsights_sitenote_note":"","_monsterinsights_sitenote_category":0,"footnotes":""},"class_list":["post-15227","page","type-page","status-publish","has-post-thumbnail","hentry"],"jetpack_sharing_enabled":true,"_links":{"self":[{"href":"https:\/\/www.calesitatango.si\/en\/wp-json\/wp\/v2\/pages\/15227","targetHints":{"allow":["GET"]}}],"collection":[{"href":"https:\/\/www.calesitatango.si\/en\/wp-json\/wp\/v2\/pages"}],"about":[{"href":"https:\/\/www.calesitatango.si\/en\/wp-json\/wp\/v2\/types\/page"}],"author":[{"embeddable":true,"href":"https:\/\/www.calesitatango.si\/en\/wp-json\/wp\/v2\/users\/1"}],"replies":[{"embeddable":true,"href":"https:\/\/www.calesitatango.si\/en\/wp-json\/wp\/v2\/comments?post=15227"}],"version-history":[{"count":38,"href":"https:\/\/www.calesitatango.si\/en\/wp-json\/wp\/v2\/pages\/15227\/revisions"}],"predecessor-version":[{"id":21165,"href":"https:\/\/www.calesitatango.si\/en\/wp-json\/wp\/v2\/pages\/15227\/revisions\/21165"}],"wp:featuredmedia":[{"embeddable":true,"href":"https:\/\/www.calesitatango.si\/en\/wp-json\/wp\/v2\/media\/16781"}],"wp:attachment":[{"href":"https:\/\/www.calesitatango.si\/en\/wp-json\/wp\/v2\/media?parent=15227"}],"curies":[{"name":"wp","href":"https:\/\/api.w.org\/{rel}","templated":true}]}}